{"id":5532,"date":"2022-03-22T12:01:42","date_gmt":"2022-03-22T11:01:42","guid":{"rendered":"https:\/\/fsplus.nimm3.eu\/fs-plus\/news\/"},"modified":"2023-03-22T13:06:09","modified_gmt":"2023-03-22T12:06:09","slug":"news","status":"publish","type":"page","link":"https:\/\/fsplus.nimm3.eu\/en\/news\/","title":{"rendered":"News"},"content":{"rendered":"\t\t<div data-elementor-type=\"wp-page\" data-elementor-id=\"5532\" class=\"elementor elementor-5532 elementor-132\" data-elementor-post-type=\"page\">\n\t\t\t\t\t\t<section class=\"elementor-section elementor-top-section elementor-element elementor-element-e54a70e elementor-section-boxed elementor-section-height-default elementor-section-height-default\" data-id=\"e54a70e\" data-element_type=\"section\">\n\t\t\t\t\t\t<div class=\"elementor-container elementor-column-gap-default\">\n\t\t\t\t\t<div class=\"elementor-column elementor-col-100 elementor-top-column elementor-element elementor-element-b69f686\" data-id=\"b69f686\" data-element_type=\"column\">\n\t\t\t<div class=\"elementor-widget-wrap elementor-element-populated\">\n\t\t\t\t\t\t<div class=\"elementor-element elementor-element-0f78eed elementor-posts--align-center my-blog-box elementor-posts__hover-none elementor-grid-3 elementor-grid-tablet-2 elementor-grid-mobile-1 elementor-posts--thumbnail-top elementor-posts--show-avatar elementor-card-shadow-yes elementor-widget elementor-widget-posts\" data-id=\"0f78eed\" data-element_type=\"widget\" data-settings=\"{&quot;cards_columns&quot;:&quot;3&quot;,&quot;cards_columns_tablet&quot;:&quot;2&quot;,&quot;cards_columns_mobile&quot;:&quot;1&quot;,&quot;cards_row_gap&quot;:{&quot;unit&quot;:&quot;px&quot;,&quot;size&quot;:35,&quot;sizes&quot;:[]},&quot;cards_row_gap_tablet&quot;:{&quot;unit&quot;:&quot;px&quot;,&quot;size&quot;:&quot;&quot;,&quot;sizes&quot;:[]},&quot;cards_row_gap_mobile&quot;:{&quot;unit&quot;:&quot;px&quot;,&quot;size&quot;:&quot;&quot;,&quot;sizes&quot;:[]}}\" data-widget_type=\"posts.cards\">\n\t\t\t\t<div class=\"elementor-widget-container\">\n\t\t\t\t\t<div class=\"elementor-posts-container elementor-posts elementor-posts--skin-cards elementor-grid\">\n\t\t\t\t<article class=\"elementor-post elementor-grid-item post-11023 post type-post status-publish format-standard has-post-thumbnail hentry category-news\">\n\t\t\t<div class=\"elementor-post__card\">\n\t\t\t\t<a class=\"elementor-post__thumbnail__link\" href=\"https:\/\/fsplus.nimm3.eu\/en\/welcome-to-fs-plus-together-for-a-promising-future\/\" tabindex=\"-1\" ><div class=\"elementor-post__thumbnail\"><img fetchpriority=\"high\" width=\"1668\" height=\"599\" src=\"https:\/\/fsplus.nimm3.eu\/wp-content\/uploads\/2023\/06\/fluid-service-plus-weboptimiert-FS-Plus-auszubildende-1668x599-1-e1697532484666.jpg\" class=\"attachment-2048x2048 size-2048x2048 wp-image-11018\" alt=\"Azubis bei FS Plus\" decoding=\"async\" \/><\/div><\/a>\n\t\t\t\t<div class=\"elementor-post__avatar\">\n\t\t\t\t\t<\/div>\n\t\t\t\t<div class=\"elementor-post__text\">\n\t\t\t\t<h2 class=\"elementor-post__title\">\n\t\t\t<a href=\"https:\/\/fsplus.nimm3.eu\/en\/welcome-to-fs-plus-together-for-a-promising-future\/\" >\n\t\t\t\tWelcome to FS Plus &#8211; together for a promising future!\t\t\t<\/a>\n\t\t<\/h2>\n\t\t\t\t<div class=\"elementor-post__excerpt\">\n\t\t\t<p>We are pleased to inform you that we have already contracted all three trainees for the coming apprenticeship year. At FS Plus, we attach great importance to promoting young talents and creating an inspiring learning environment.<\/p>\n\t\t<\/div>\n\t\t\n\t\t<a class=\"elementor-post__read-more\" href=\"https:\/\/fsplus.nimm3.eu\/en\/welcome-to-fs-plus-together-for-a-promising-future\/\" aria-label=\"Read more about Welcome to FS Plus &#8211; together for a promising future!\" tabindex=\"-1\" >\n\t\t\tRead more\t\t<\/a>\n\n\t\t\t\t<\/div>\n\t\t\t\t\t<\/div>\n\t\t<\/article>\n\t\t\t\t<article class=\"elementor-post elementor-grid-item post-11012 post type-post status-publish format-standard has-post-thumbnail hentry category-news\">\n\t\t\t<div class=\"elementor-post__card\">\n\t\t\t\t<a class=\"elementor-post__thumbnail__link\" href=\"https:\/\/fsplus.nimm3.eu\/en\/new-team-member-for-the-reception-area-in-our-head-office\/\" tabindex=\"-1\" ><div class=\"elementor-post__thumbnail\"><img width=\"1668\" height=\"599\" src=\"https:\/\/fsplus.nimm3.eu\/wp-content\/uploads\/2023\/06\/news-header-1668x599-72-dpi.jpg\" class=\"attachment-2048x2048 size-2048x2048 wp-image-11004\" alt=\"Team FS Plus\" decoding=\"async\" srcset=\"https:\/\/fsplus.nimm3.eu\/wp-content\/uploads\/2023\/06\/news-header-1668x599-72-dpi.jpg 1668w, https:\/\/fsplus.nimm3.eu\/wp-content\/uploads\/2023\/06\/news-header-1668x599-72-dpi-300x108.jpg 300w, https:\/\/fsplus.nimm3.eu\/wp-content\/uploads\/2023\/06\/news-header-1668x599-72-dpi-1024x368.jpg 1024w, https:\/\/fsplus.nimm3.eu\/wp-content\/uploads\/2023\/06\/news-header-1668x599-72-dpi-768x276.jpg 768w, https:\/\/fsplus.nimm3.eu\/wp-content\/uploads\/2023\/06\/news-header-1668x599-72-dpi-1536x552.jpg 1536w\" sizes=\"(max-width: 1668px) 100vw, 1668px\" \/><\/div><\/a>\n\t\t\t\t<div class=\"elementor-post__avatar\">\n\t\t\t\t\t<\/div>\n\t\t\t\t<div class=\"elementor-post__text\">\n\t\t\t\t<h2 class=\"elementor-post__title\">\n\t\t\t<a href=\"https:\/\/fsplus.nimm3.eu\/en\/new-team-member-for-the-reception-area-in-our-head-office\/\" >\n\t\t\t\tNew team member for the reception area in our head office\t\t\t<\/a>\n\t\t<\/h2>\n\t\t\t\t<div class=\"elementor-post__excerpt\">\n\t\t\t<p>We are happy to introduce you to our newest addition to our team: Chance, our office dog! With his charming nature, he ensures a pleasant working atmosphere and contributes to the well-being of our employees.<\/p>\n\t\t<\/div>\n\t\t\n\t\t<a class=\"elementor-post__read-more\" href=\"https:\/\/fsplus.nimm3.eu\/en\/new-team-member-for-the-reception-area-in-our-head-office\/\" aria-label=\"Read more about New team member for the reception area in our head office\" tabindex=\"-1\" >\n\t\t\tRead more\t\t<\/a>\n\n\t\t\t\t<\/div>\n\t\t\t\t\t<\/div>\n\t\t<\/article>\n\t\t\t\t<article class=\"elementor-post elementor-grid-item post-10775 post type-post status-publish format-standard has-post-thumbnail hentry category-news\">\n\t\t\t<div class=\"elementor-post__card\">\n\t\t\t\t<a class=\"elementor-post__thumbnail__link\" href=\"https:\/\/fsplus.nimm3.eu\/en\/photovoltaics-new-service-at-fluid-service-plus\/\" tabindex=\"-1\" ><div class=\"elementor-post__thumbnail\"><img width=\"1668\" height=\"599\" src=\"https:\/\/fsplus.nimm3.eu\/wp-content\/uploads\/2023\/03\/fluid-service-plus-photovoltaik-dc_montage-1668x599-1-e1697532453338.jpg\" class=\"attachment-2048x2048 size-2048x2048 wp-image-10767\" alt=\"Reinigung Photovoltaik\" decoding=\"async\" \/><\/div><\/a>\n\t\t\t\t<div class=\"elementor-post__avatar\">\n\t\t\t\t\t<\/div>\n\t\t\t\t<div class=\"elementor-post__text\">\n\t\t\t\t<h2 class=\"elementor-post__title\">\n\t\t\t<a href=\"https:\/\/fsplus.nimm3.eu\/en\/photovoltaics-new-service-at-fluid-service-plus\/\" >\n\t\t\t\tPhotovoltaics: New service at Fluid Service Plus\t\t\t<\/a>\n\t\t<\/h2>\n\t\t\t\t<div class=\"elementor-post__excerpt\">\n\t\t\t<p>Fluid Service Plus is expanding its range of services to include the DC assembly of photovoltaic systems in cooperation with partner MONTANA.<\/p>\n\t\t<\/div>\n\t\t\n\t\t<a class=\"elementor-post__read-more\" href=\"https:\/\/fsplus.nimm3.eu\/en\/photovoltaics-new-service-at-fluid-service-plus\/\" aria-label=\"Read more about Photovoltaics: New service at Fluid Service Plus\" tabindex=\"-1\" >\n\t\t\tRead more\t\t<\/a>\n\n\t\t\t\t<\/div>\n\t\t\t\t\t<\/div>\n\t\t<\/article>\n\t\t\t\t<article class=\"elementor-post elementor-grid-item post-10604 post type-post status-publish format-standard has-post-thumbnail hentry category-news\">\n\t\t\t<div class=\"elementor-post__card\">\n\t\t\t\t<a class=\"elementor-post__thumbnail__link\" href=\"https:\/\/fsplus.nimm3.eu\/en\/fluid-service-plus-earthquake-struck-areas-in-turkey-and-in-syria-earthquakesupport\/\" tabindex=\"-1\" ><div class=\"elementor-post__thumbnail\"><img loading=\"lazy\" width=\"1668\" height=\"599\" src=\"https:\/\/fsplus.nimm3.eu\/wp-content\/uploads\/2023\/03\/fs-plus_unterstuetzt_katastrophenhilfe_im_erdbebengebiet.jpg\" class=\"attachment-2048x2048 size-2048x2048 wp-image-10599\" alt=\"Unterst\u00fctzung im Erdbeben Gebiet\" decoding=\"async\" srcset=\"https:\/\/fsplus.nimm3.eu\/wp-content\/uploads\/2023\/03\/fs-plus_unterstuetzt_katastrophenhilfe_im_erdbebengebiet.jpg 1668w, https:\/\/fsplus.nimm3.eu\/wp-content\/uploads\/2023\/03\/fs-plus_unterstuetzt_katastrophenhilfe_im_erdbebengebiet-300x108.jpg 300w, https:\/\/fsplus.nimm3.eu\/wp-content\/uploads\/2023\/03\/fs-plus_unterstuetzt_katastrophenhilfe_im_erdbebengebiet-1024x368.jpg 1024w, https:\/\/fsplus.nimm3.eu\/wp-content\/uploads\/2023\/03\/fs-plus_unterstuetzt_katastrophenhilfe_im_erdbebengebiet-768x276.jpg 768w, https:\/\/fsplus.nimm3.eu\/wp-content\/uploads\/2023\/03\/fs-plus_unterstuetzt_katastrophenhilfe_im_erdbebengebiet-1536x552.jpg 1536w\" sizes=\"(max-width: 1668px) 100vw, 1668px\" \/><\/div><\/a>\n\t\t\t\t<div class=\"elementor-post__avatar\">\n\t\t\t\t\t<\/div>\n\t\t\t\t<div class=\"elementor-post__text\">\n\t\t\t\t<h2 class=\"elementor-post__title\">\n\t\t\t<a href=\"https:\/\/fsplus.nimm3.eu\/en\/fluid-service-plus-earthquake-struck-areas-in-turkey-and-in-syria-earthquakesupport\/\" >\n\t\t\t\tFluid Service Plus supports earthquake-struck areas in Turkey and Syria\t\t\t<\/a>\n\t\t<\/h2>\n\t\t\t\t<div class=\"elementor-post__excerpt\">\n\t\t\t<p>Since the 6th February 2023, nothing has been the same for around 24 million people in Syria and Turkey. In the devastating earthquake<\/p>\n\t\t<\/div>\n\t\t\n\t\t<a class=\"elementor-post__read-more\" href=\"https:\/\/fsplus.nimm3.eu\/en\/fluid-service-plus-earthquake-struck-areas-in-turkey-and-in-syria-earthquakesupport\/\" aria-label=\"Read more about Fluid Service Plus supports earthquake-struck areas in Turkey and Syria\" tabindex=\"-1\" >\n\t\t\tRead more\t\t<\/a>\n\n\t\t\t\t<\/div>\n\t\t\t\t\t<\/div>\n\t\t<\/article>\n\t\t\t\t<article class=\"elementor-post elementor-grid-item post-10592 post type-post status-publish format-standard has-post-thumbnail hentry category-news\">\n\t\t\t<div class=\"elementor-post__card\">\n\t\t\t\t<a class=\"elementor-post__thumbnail__link\" href=\"https:\/\/fsplus.nimm3.eu\/en\/fluid-service-plus-machine-cleaning-at-knorr-bremse\/\" tabindex=\"-1\" ><div class=\"elementor-post__thumbnail\"><img loading=\"lazy\" width=\"1668\" height=\"599\" src=\"https:\/\/fsplus.nimm3.eu\/wp-content\/uploads\/2023\/03\/Knorr-Bremse-Berlin_headernews.jpg\" class=\"attachment-2048x2048 size-2048x2048 wp-image-10565\" alt=\"Maschinenreinigung bei Knorr-Bremse\" decoding=\"async\" srcset=\"https:\/\/fsplus.nimm3.eu\/wp-content\/uploads\/2023\/03\/Knorr-Bremse-Berlin_headernews.jpg 1668w, https:\/\/fsplus.nimm3.eu\/wp-content\/uploads\/2023\/03\/Knorr-Bremse-Berlin_headernews-300x108.jpg 300w, https:\/\/fsplus.nimm3.eu\/wp-content\/uploads\/2023\/03\/Knorr-Bremse-Berlin_headernews-1024x368.jpg 1024w, https:\/\/fsplus.nimm3.eu\/wp-content\/uploads\/2023\/03\/Knorr-Bremse-Berlin_headernews-768x276.jpg 768w, https:\/\/fsplus.nimm3.eu\/wp-content\/uploads\/2023\/03\/Knorr-Bremse-Berlin_headernews-1536x552.jpg 1536w\" sizes=\"(max-width: 1668px) 100vw, 1668px\" \/><\/div><\/a>\n\t\t\t\t<div class=\"elementor-post__avatar\">\n\t\t\t\t\t<\/div>\n\t\t\t\t<div class=\"elementor-post__text\">\n\t\t\t\t<h2 class=\"elementor-post__title\">\n\t\t\t<a href=\"https:\/\/fsplus.nimm3.eu\/en\/fluid-service-plus-machine-cleaning-at-knorr-bremse\/\" >\n\t\t\t\tFluid Service Plus takes over regular machine cleaning at Knorr-Bremse\t\t\t<\/a>\n\t\t<\/h2>\n\t\t\t\t<div class=\"elementor-post__excerpt\">\n\t\t\t<p>Since January 2023, Fluid Service Plus has been responsible for the regular machine cleaning at Knorr-Bremse. With more than 30,500 employees and a turnover of<\/p>\n\t\t<\/div>\n\t\t\n\t\t<a class=\"elementor-post__read-more\" href=\"https:\/\/fsplus.nimm3.eu\/en\/fluid-service-plus-machine-cleaning-at-knorr-bremse\/\" aria-label=\"Read more about Fluid Service Plus takes over regular machine cleaning at Knorr-Bremse\" tabindex=\"-1\" >\n\t\t\tRead more\t\t<\/a>\n\n\t\t\t\t<\/div>\n\t\t\t\t\t<\/div>\n\t\t<\/article>\n\t\t\t\t<article class=\"elementor-post elementor-grid-item post-9177 post type-post status-publish format-standard has-post-thumbnail hentry category-news\">\n\t\t\t<div class=\"elementor-post__card\">\n\t\t\t\t<a class=\"elementor-post__thumbnail__link\" href=\"https:\/\/fsplus.nimm3.eu\/en\/fs-plus-celebrates-its-25th-anniversary\/\" tabindex=\"-1\" ><div class=\"elementor-post__thumbnail\"><img loading=\"lazy\" width=\"760\" height=\"600\" src=\"https:\/\/fsplus.nimm3.eu\/wp-content\/uploads\/2022\/04\/10-fluid-service-plus-bildmarke-25-jahre-sRGB-760x600-1.jpg\" class=\"attachment-2048x2048 size-2048x2048 wp-image-2999\" alt=\"25-jahre\" decoding=\"async\" srcset=\"https:\/\/fsplus.nimm3.eu\/wp-content\/uploads\/2022\/04\/10-fluid-service-plus-bildmarke-25-jahre-sRGB-760x600-1.jpg 760w, https:\/\/fsplus.nimm3.eu\/wp-content\/uploads\/2022\/04\/10-fluid-service-plus-bildmarke-25-jahre-sRGB-760x600-1-300x237.jpg 300w\" sizes=\"(max-width: 760px) 100vw, 760px\" \/><\/div><\/a>\n\t\t\t\t<div class=\"elementor-post__avatar\">\n\t\t\t\t\t<\/div>\n\t\t\t\t<div class=\"elementor-post__text\">\n\t\t\t\t<h2 class=\"elementor-post__title\">\n\t\t\t<a href=\"https:\/\/fsplus.nimm3.eu\/en\/fs-plus-celebrates-its-25th-anniversary\/\" >\n\t\t\t\tFS Plus celebrates its 25th anniversary.\t\t\t<\/a>\n\t\t<\/h2>\n\t\t\t\t<div class=\"elementor-post__excerpt\">\n\t\t\t<p>In 1996, Ahmet Ates laid the foundation for FS Plus. With full passion and the highest level of commitment, we embarked on a direction that<\/p>\n\t\t<\/div>\n\t\t\n\t\t<a class=\"elementor-post__read-more\" href=\"https:\/\/fsplus.nimm3.eu\/en\/fs-plus-celebrates-its-25th-anniversary\/\" aria-label=\"Read more about FS Plus celebrates its 25th anniversary.\" tabindex=\"-1\" >\n\t\t\tRead more\t\t<\/a>\n\n\t\t\t\t<\/div>\n\t\t\t\t\t<\/div>\n\t\t<\/article>\n\t\t\t\t<\/div>\n\t\t\n\t\t\t\t<\/div>\n\t\t\t\t<\/div>\n\t\t\t\t\t<\/div>\n\t\t<\/div>\n\t\t\t\t\t<\/div>\n\t\t<\/section>\n\t\t\t\t<\/div>\n\t\t","protected":false},"excerpt":{"rendered":"","protected":false},"author":1,"featured_media":393,"parent":0,"menu_order":17,"comment_status":"closed","ping_status":"closed","template":"","meta":{"footnotes":""},"acf":[],"yoast_head":"<!-- This site is optimized with the Yoast SEO plugin v21.4 - https:\/\/yoast.com\/wordpress\/plugins\/seo\/ -->\n<title>News - Fluid Service Plus - Mehr Qualit\u00e4t.<\/title>\n<meta name=\"robots\" content=\"noindex, follow, max-snippet:-1, max-image-preview:large, max-video-preview:-1\" \/>\n<meta property=\"og:locale\" content=\"en_US\" \/>\n<meta property=\"og:type\" content=\"article\" \/>\n<meta property=\"og:title\" content=\"News - Fluid Service Plus - Mehr Qualit\u00e4t.\" \/>\n<meta property=\"og:url\" content=\"https:\/\/fsplus.nimm3.eu\/aktuelles\/\" \/>\n<meta property=\"og:site_name\" content=\"Fluid Service Plus - Mehr Qualit\u00e4t.\" \/>\n<meta property=\"article:publisher\" content=\"https:\/\/www.facebook.com\/Fluid-Service-Plus-GmbH-393781057359889\/\" \/>\n<meta property=\"article:modified_time\" content=\"2023-03-22T12:06:09+00:00\" \/>\n<meta property=\"og:image\" content=\"https:\/\/fsplus.nimm3.eu\/wp-content\/uploads\/2022\/04\/09-fsplus-slider-aktuelles-1670x600-1.jpeg\" \/>\n\t<meta property=\"og:image:width\" content=\"1670\" \/>\n\t<meta property=\"og:image:height\" content=\"600\" \/>\n\t<meta property=\"og:image:type\" content=\"image\/jpeg\" \/>\n<meta name=\"twitter:card\" content=\"summary_large_image\" \/>\n<script type=\"application\/ld+json\" class=\"yoast-schema-graph\">{\"@context\":\"https:\/\/schema.org\",\"@graph\":[{\"@type\":\"WebPage\",\"@id\":\"https:\/\/fsplus.nimm3.eu\/aktuelles\/\",\"url\":\"https:\/\/fsplus.nimm3.eu\/aktuelles\/\",\"name\":\"News - Fluid Service Plus - Mehr Qualit\u00e4t.\",\"isPartOf\":{\"@id\":\"https:\/\/fsplus.nimm3.eu\/#website\"},\"datePublished\":\"2022-03-22T11:01:42+00:00\",\"dateModified\":\"2023-03-22T12:06:09+00:00\",\"breadcrumb\":{\"@id\":\"https:\/\/fsplus.nimm3.eu\/aktuelles\/#breadcrumb\"},\"inLanguage\":\"en-US\",\"potentialAction\":[{\"@type\":\"ReadAction\",\"target\":[\"https:\/\/fsplus.nimm3.eu\/aktuelles\/\"]}]},{\"@type\":\"BreadcrumbList\",\"@id\":\"https:\/\/fsplus.nimm3.eu\/aktuelles\/#breadcrumb\",\"itemListElement\":[{\"@type\":\"ListItem\",\"position\":1,\"name\":\"Startseite\",\"item\":\"https:\/\/fsplus.nimm3.eu\/en\/\"},{\"@type\":\"ListItem\",\"position\":2,\"name\":\"News\"}]},{\"@type\":\"WebSite\",\"@id\":\"https:\/\/fsplus.nimm3.eu\/#website\",\"url\":\"https:\/\/fsplus.nimm3.eu\/\",\"name\":\"Fluid Service Plus - Mehr Qualit\u00e4t. Mehr Zuverl\u00e4ssigkeit.\",\"description\":\"FS Plus ist Anbieter f\u00fcr industrielle Dienstleistungen und setzt sich aus Bereichen wie Fluid Management, Industriereinigung und \u00d6lservice zusammen.\",\"publisher\":{\"@id\":\"https:\/\/fsplus.nimm3.eu\/#organization\"},\"potentialAction\":[{\"@type\":\"SearchAction\",\"target\":{\"@type\":\"EntryPoint\",\"urlTemplate\":\"https:\/\/fsplus.nimm3.eu\/?s={search_term_string}\"},\"query-input\":\"required name=search_term_string\"}],\"inLanguage\":\"en-US\"},{\"@type\":\"Organization\",\"@id\":\"https:\/\/fsplus.nimm3.eu\/#organization\",\"name\":\"Fluid Service Plus GmbH\",\"url\":\"https:\/\/fsplus.nimm3.eu\/\",\"logo\":{\"@type\":\"ImageObject\",\"inLanguage\":\"en-US\",\"@id\":\"https:\/\/fsplus.nimm3.eu\/#\/schema\/logo\/image\/\",\"url\":\"https:\/\/fsplus.nimm3.eu\/wp-content\/uploads\/2022\/03\/fs-plus-logo-full.svg\",\"contentUrl\":\"https:\/\/fsplus.nimm3.eu\/wp-content\/uploads\/2022\/03\/fs-plus-logo-full.svg\",\"width\":162,\"height\":41,\"caption\":\"Fluid Service Plus GmbH\"},\"image\":{\"@id\":\"https:\/\/fsplus.nimm3.eu\/#\/schema\/logo\/image\/\"},\"sameAs\":[\"https:\/\/www.facebook.com\/Fluid-Service-Plus-GmbH-393781057359889\/\",\"https:\/\/www.linkedin.com\/company\/fluidserviceplus\/\",\"https:\/\/www.xing.com\/companies\/fluidserviceplusgmbh\"]}]}<\/script>\n<!-- \/ Yoast SEO plugin. -->","yoast_head_json":{"title":"News - Fluid Service Plus - Mehr Qualit\u00e4t.","robots":{"index":"noindex","follow":"follow","max-snippet":"max-snippet:-1","max-image-preview":"max-image-preview:large","max-video-preview":"max-video-preview:-1"},"og_locale":"en_US","og_type":"article","og_title":"News - Fluid Service Plus - Mehr Qualit\u00e4t.","og_url":"https:\/\/fsplus.nimm3.eu\/aktuelles\/","og_site_name":"Fluid Service Plus - Mehr Qualit\u00e4t.","article_publisher":"https:\/\/www.facebook.com\/Fluid-Service-Plus-GmbH-393781057359889\/","article_modified_time":"2023-03-22T12:06:09+00:00","og_image":[{"width":1670,"height":600,"url":"https:\/\/fsplus.nimm3.eu\/wp-content\/uploads\/2022\/04\/09-fsplus-slider-aktuelles-1670x600-1.jpeg","type":"image\/jpeg"}],"twitter_card":"summary_large_image","schema":{"@context":"https:\/\/schema.org","@graph":[{"@type":"WebPage","@id":"https:\/\/fsplus.nimm3.eu\/aktuelles\/","url":"https:\/\/fsplus.nimm3.eu\/aktuelles\/","name":"News - Fluid Service Plus - Mehr Qualit\u00e4t.","isPartOf":{"@id":"https:\/\/fsplus.nimm3.eu\/#website"},"datePublished":"2022-03-22T11:01:42+00:00","dateModified":"2023-03-22T12:06:09+00:00","breadcrumb":{"@id":"https:\/\/fsplus.nimm3.eu\/aktuelles\/#breadcrumb"},"inLanguage":"en-US","potentialAction":[{"@type":"ReadAction","target":["https:\/\/fsplus.nimm3.eu\/aktuelles\/"]}]},{"@type":"BreadcrumbList","@id":"https:\/\/fsplus.nimm3.eu\/aktuelles\/#breadcrumb","itemListElement":[{"@type":"ListItem","position":1,"name":"Startseite","item":"https:\/\/fsplus.nimm3.eu\/en\/"},{"@type":"ListItem","position":2,"name":"News"}]},{"@type":"WebSite","@id":"https:\/\/fsplus.nimm3.eu\/#website","url":"https:\/\/fsplus.nimm3.eu\/","name":"Fluid Service Plus - Mehr Qualit\u00e4t. Mehr Zuverl\u00e4ssigkeit.","description":"FS Plus ist Anbieter f\u00fcr industrielle Dienstleistungen und setzt sich aus Bereichen wie Fluid Management, Industriereinigung und \u00d6lservice zusammen.","publisher":{"@id":"https:\/\/fsplus.nimm3.eu\/#organization"},"potentialAction":[{"@type":"SearchAction","target":{"@type":"EntryPoint","urlTemplate":"https:\/\/fsplus.nimm3.eu\/?s={search_term_string}"},"query-input":"required name=search_term_string"}],"inLanguage":"en-US"},{"@type":"Organization","@id":"https:\/\/fsplus.nimm3.eu\/#organization","name":"Fluid Service Plus GmbH","url":"https:\/\/fsplus.nimm3.eu\/","logo":{"@type":"ImageObject","inLanguage":"en-US","@id":"https:\/\/fsplus.nimm3.eu\/#\/schema\/logo\/image\/","url":"https:\/\/fsplus.nimm3.eu\/wp-content\/uploads\/2022\/03\/fs-plus-logo-full.svg","contentUrl":"https:\/\/fsplus.nimm3.eu\/wp-content\/uploads\/2022\/03\/fs-plus-logo-full.svg","width":162,"height":41,"caption":"Fluid Service Plus GmbH"},"image":{"@id":"https:\/\/fsplus.nimm3.eu\/#\/schema\/logo\/image\/"},"sameAs":["https:\/\/www.facebook.com\/Fluid-Service-Plus-GmbH-393781057359889\/","https:\/\/www.linkedin.com\/company\/fluidserviceplus\/","https:\/\/www.xing.com\/companies\/fluidserviceplusgmbh"]}]}},"_links":{"self":[{"href":"https:\/\/fsplus.nimm3.eu\/en\/wp-json\/wp\/v2\/pages\/5532"}],"collection":[{"href":"https:\/\/fsplus.nimm3.eu\/en\/wp-json\/wp\/v2\/pages"}],"about":[{"href":"https:\/\/fsplus.nimm3.eu\/en\/wp-json\/wp\/v2\/types\/page"}],"author":[{"embeddable":true,"href":"https:\/\/fsplus.nimm3.eu\/en\/wp-json\/wp\/v2\/users\/1"}],"replies":[{"embeddable":true,"href":"https:\/\/fsplus.nimm3.eu\/en\/wp-json\/wp\/v2\/comments?post=5532"}],"version-history":[{"count":5,"href":"https:\/\/fsplus.nimm3.eu\/en\/wp-json\/wp\/v2\/pages\/5532\/revisions"}],"predecessor-version":[{"id":10789,"href":"https:\/\/fsplus.nimm3.eu\/en\/wp-json\/wp\/v2\/pages\/5532\/revisions\/10789"}],"wp:featuredmedia":[{"embeddable":true,"href":"https:\/\/fsplus.nimm3.eu\/en\/wp-json\/wp\/v2\/media\/393"}],"wp:attachment":[{"href":"https:\/\/fsplus.nimm3.eu\/en\/wp-json\/wp\/v2\/media?parent=5532"}],"curies":[{"name":"wp","href":"https:\/\/api.w.org\/{rel}","templated":true}]}}