{"id":5552,"date":"2022-04-04T10:52:49","date_gmt":"2022-04-04T08:52:49","guid":{"rendered":"https:\/\/fsplus.nimm3.eu\/service\/fluid-management\/cooling-lubricant-analysis\/"},"modified":"2022-06-15T12:05:30","modified_gmt":"2022-06-15T10:05:30","slug":"cooling-lubricant-analysis","status":"publish","type":"page","link":"https:\/\/fsplus.nimm3.eu\/en\/service\/fluid-management\/cooling-lubricant-analysis\/","title":{"rendered":"Cooling Lubricant Analysis"},"content":{"rendered":"\t\t<div data-elementor-type=\"wp-page\" data-elementor-id=\"5552\" class=\"elementor elementor-5552 elementor-464\" data-elementor-post-type=\"page\">\n\t\t\t\t\t\t<section class=\"elementor-section elementor-top-section elementor-element elementor-element-be88608 elementor-section-boxed elementor-section-height-default elementor-section-height-default\" data-id=\"be88608\" data-element_type=\"section\">\n\t\t\t\t\t\t<div class=\"elementor-container elementor-column-gap-default\">\n\t\t\t\t\t<div class=\"elementor-column elementor-col-100 elementor-top-column elementor-element elementor-element-437f14f\" data-id=\"437f14f\" data-element_type=\"column\">\n\t\t\t<div class=\"elementor-widget-wrap elementor-element-populated\">\n\t\t\t\t\t\t<div class=\"elementor-element elementor-element-4eefaa1 elementor-widget elementor-widget-heading\" data-id=\"4eefaa1\" data-element_type=\"widget\" data-widget_type=\"heading.default\">\n\t\t\t\t<div class=\"elementor-widget-container\">\n\t\t\t<h2 class=\"elementor-heading-title elementor-size-default\">Why is the cooling lubricant analysis important?<\/h2>\t\t<\/div>\n\t\t\t\t<\/div>\n\t\t\t\t<section class=\"elementor-section elementor-inner-section elementor-element elementor-element-5e53b1b elementor-section-boxed elementor-section-height-default elementor-section-height-default\" data-id=\"5e53b1b\" data-element_type=\"section\">\n\t\t\t\t\t\t<div class=\"elementor-container elementor-column-gap-default\">\n\t\t\t\t\t<div class=\"elementor-column elementor-col-50 elementor-inner-column elementor-element elementor-element-2363782\" data-id=\"2363782\" data-element_type=\"column\">\n\t\t\t<div class=\"elementor-widget-wrap elementor-element-populated\">\n\t\t\t\t\t\t<div class=\"elementor-element elementor-element-6a515e0 elementor-widget elementor-widget-text-editor\" data-id=\"6a515e0\" data-element_type=\"widget\" data-widget_type=\"text-editor.default\">\n\t\t\t\t<div class=\"elementor-widget-container\">\n\t\t\t\t\t\t\t<p>You are using cooling lubricants. So you are subject to strict legal requirements and obligations. When working with cooling lubricants, temporary or permanent damage to health may occur.<\/p><p>Machines and plants, in which cooling lubricants are used for the machining and forming of metals, must comply with the basic safety and health requirements of \u00a7 3 of the Machinery Ordinance to the Equipment and Product Safety Act.<\/p>\t\t\t\t\t\t<\/div>\n\t\t\t\t<\/div>\n\t\t\t\t\t<\/div>\n\t\t<\/div>\n\t\t\t\t<div class=\"elementor-column elementor-col-50 elementor-inner-column elementor-element elementor-element-c44f777\" data-id=\"c44f777\" data-element_type=\"column\">\n\t\t\t<div class=\"elementor-widget-wrap elementor-element-populated\">\n\t\t\t\t\t\t<div class=\"elementor-element elementor-element-3487d0e elementor-widget elementor-widget-text-editor\" data-id=\"3487d0e\" data-element_type=\"widget\" data-widget_type=\"text-editor.default\">\n\t\t\t\t<div class=\"elementor-widget-container\">\n\t\t\t\t\t\t\t<p>In consideration of occupational health and safety, the technical regulations for hazardous substances, such as the Technical Rules for Hazardous Substances (German TRGS 611) and the rules of the Employer&#8217;s Liability Insurance Association (German BGR \/ GUV-R 143), require the regular monitoring of cooling lubricants.<\/p>\t\t\t\t\t\t<\/div>\n\t\t\t\t<\/div>\n\t\t\t\t\t<\/div>\n\t\t<\/div>\n\t\t\t\t\t<\/div>\n\t\t<\/section>\n\t\t\t\t\t<\/div>\n\t\t<\/div>\n\t\t\t\t\t<\/div>\n\t\t<\/section>\n\t\t\t\t<section class=\"elementor-section elementor-top-section elementor-element elementor-element-c770335 elementor-section-boxed elementor-section-height-default elementor-section-height-default\" data-id=\"c770335\" data-element_type=\"section\" data-settings=\"{&quot;background_background&quot;:&quot;classic&quot;}\">\n\t\t\t\t\t\t<div class=\"elementor-container elementor-column-gap-default\">\n\t\t\t\t\t<div class=\"elementor-column elementor-col-100 elementor-top-column elementor-element elementor-element-c86a470\" data-id=\"c86a470\" data-element_type=\"column\">\n\t\t\t<div class=\"elementor-widget-wrap elementor-element-populated\">\n\t\t\t\t\t\t<div class=\"elementor-element elementor-element-2691aef elementor-widget elementor-widget-heading\" data-id=\"2691aef\" data-element_type=\"widget\" data-widget_type=\"heading.default\">\n\t\t\t\t<div class=\"elementor-widget-container\">\n\t\t\t<h2 class=\"elementor-heading-title elementor-size-default\">Which tasks does FS Plus take over for you?<\/h2>\t\t<\/div>\n\t\t\t\t<\/div>\n\t\t\t\t<section class=\"elementor-section elementor-inner-section elementor-element elementor-element-a0e3010 elementor-section-boxed elementor-section-height-default elementor-section-height-default\" data-id=\"a0e3010\" data-element_type=\"section\">\n\t\t\t\t\t\t<div class=\"elementor-container elementor-column-gap-default\">\n\t\t\t\t\t<div class=\"elementor-column elementor-col-50 elementor-inner-column elementor-element elementor-element-fc85bc5\" data-id=\"fc85bc5\" data-element_type=\"column\">\n\t\t\t<div class=\"elementor-widget-wrap elementor-element-populated\">\n\t\t\t\t\t\t<div class=\"elementor-element elementor-element-55c9f35 elementor-widget elementor-widget-text-editor\" data-id=\"55c9f35\" data-element_type=\"widget\" data-widget_type=\"text-editor.default\">\n\t\t\t\t<div class=\"elementor-widget-container\">\n\t\t\t\t\t\t\t<p>FS Plus takes over the proper and professional inspection of your cooling lubricants for you in compliance with the legal regulations TRGS 611 and DGUV regulation 109-003. We compile an individual test plan, test the basic parameters (1. pH value, 2. usage concentration, 3. nitrite content of the water-miscible coolant), document the actual condition and ensure a legal target\/actual comparison.<\/p>\t\t\t\t\t\t<\/div>\n\t\t\t\t<\/div>\n\t\t\t\t\t<\/div>\n\t\t<\/div>\n\t\t\t\t<div class=\"elementor-column elementor-col-50 elementor-inner-column elementor-element elementor-element-f117055\" data-id=\"f117055\" data-element_type=\"column\">\n\t\t\t<div class=\"elementor-widget-wrap elementor-element-populated\">\n\t\t\t\t\t\t<div class=\"elementor-element elementor-element-059dd7e elementor-widget elementor-widget-text-editor\" data-id=\"059dd7e\" data-element_type=\"widget\" data-widget_type=\"text-editor.default\">\n\t\t\t\t<div class=\"elementor-widget-container\">\n\t\t\t\t\t\t\t<p>Furthermore, we test your cooling lubricant for any influencing variables, such as conductivity, hardness, dispersity, foaming behavior and germ count, by means of an extensive laboratory analysis, and thus help you to recognize necessary care measures and to optimally prevent them. The sample analysis with its final diagnosis of the determined individual values points out germ infestation and contamination and recommends a corresponding measure. <\/p>\t\t\t\t\t\t<\/div>\n\t\t\t\t<\/div>\n\t\t\t\t\t<\/div>\n\t\t<\/div>\n\t\t\t\t\t<\/div>\n\t\t<\/section>\n\t\t\t\t\t<\/div>\n\t\t<\/div>\n\t\t\t\t\t<\/div>\n\t\t<\/section>\n\t\t\t\t<section class=\"elementor-section elementor-top-section elementor-element elementor-element-5298b8d elementor-section-full_width dbs-half-bg elementor-section-height-default elementor-section-height-default\" data-id=\"5298b8d\" data-element_type=\"section\">\n\t\t\t\t\t\t\t<div class=\"elementor-background-overlay\"><\/div>\n\t\t\t\t\t\t\t<div class=\"elementor-container elementor-column-gap-default\">\n\t\t\t\t\t<div class=\"elementor-column elementor-col-100 elementor-top-column elementor-element elementor-element-cfc4ecb\" data-id=\"cfc4ecb\" data-element_type=\"column\">\n\t\t\t<div class=\"elementor-widget-wrap elementor-element-populated\">\n\t\t\t\t\t\t<section class=\"elementor-section elementor-inner-section elementor-element elementor-element-d277c09 elementor-section-height-min-height elementor-reverse-mobile elementor-section-boxed elementor-section-height-default\" data-id=\"d277c09\" data-element_type=\"section\">\n\t\t\t\t\t\t<div class=\"elementor-container elementor-column-gap-default\">\n\t\t\t\t\t<div class=\"elementor-column elementor-col-50 elementor-inner-column elementor-element elementor-element-4584e2b elementor-invisible\" data-id=\"4584e2b\" data-element_type=\"column\" data-settings=\"{&quot;animation&quot;:&quot;slideInLeft&quot;,&quot;animation_delay&quot;:0}\">\n\t\t\t<div class=\"elementor-widget-wrap elementor-element-populated\">\n\t\t\t\t\t\t<div class=\"elementor-element elementor-element-8c2d1e3 elementor-widget elementor-widget-elementskit-page-list\" data-id=\"8c2d1e3\" data-element_type=\"widget\" data-widget_type=\"elementskit-page-list.default\">\n\t\t\t\t<div class=\"elementor-widget-container\">\n\t\t\t<div class=\"ekit-wid-con\" >\t\t<div class=\"elementor-icon-list-items \">\n\t\t\t\t\t<\/div>\n\t\t<\/div>\t\t<\/div>\n\t\t\t\t<\/div>\n\t\t\t\t<div class=\"elementor-element elementor-element-d5be503 elementor-widget elementor-widget-heading\" data-id=\"d5be503\" data-element_type=\"widget\" data-widget_type=\"heading.default\">\n\t\t\t\t<div class=\"elementor-widget-container\">\n\t\t\t<h2 class=\"elementor-heading-title elementor-size-default\">Your benefits at a glance:<\/h2>\t\t<\/div>\n\t\t\t\t<\/div>\n\t\t\t\t<div class=\"elementor-element elementor-element-96b06b9 elementor-align-left elementor-widget__width-initial elementor-widget-tablet__width-inherit elementor-icon-list--layout-traditional elementor-list-item-link-full_width elementor-widget elementor-widget-icon-list\" data-id=\"96b06b9\" data-element_type=\"widget\" data-widget_type=\"icon-list.default\">\n\t\t\t\t<div class=\"elementor-widget-container\">\n\t\t\t\t\t<ul class=\"elementor-icon-list-items\">\n\t\t\t\t\t\t\t<li class=\"elementor-icon-list-item\">\n\t\t\t\t\t\t\t\t\t\t\t<span class=\"elementor-icon-list-icon\">\n\t\t\t\t\t\t\t<i aria-hidden=\"true\" class=\"fas fa-plus\"><\/i>\t\t\t\t\t\t<\/span>\n\t\t\t\t\t\t\t\t\t\t<span class=\"elementor-icon-list-text\">Optimized care and change intervals for your cooling lubricants<\/span>\n\t\t\t\t\t\t\t\t\t<\/li>\n\t\t\t\t\t\t\t\t<li class=\"elementor-icon-list-item\">\n\t\t\t\t\t\t\t\t\t\t\t<span class=\"elementor-icon-list-icon\">\n\t\t\t\t\t\t\t<i aria-hidden=\"true\" class=\"fas fa-plus\"><\/i>\t\t\t\t\t\t<\/span>\n\t\t\t\t\t\t\t\t\t\t<span class=\"elementor-icon-list-text\">Higher plant availability<\/span>\n\t\t\t\t\t\t\t\t\t<\/li>\n\t\t\t\t\t\t\t\t<li class=\"elementor-icon-list-item\">\n\t\t\t\t\t\t\t\t\t\t\t<span class=\"elementor-icon-list-icon\">\n\t\t\t\t\t\t\t<i aria-hidden=\"true\" class=\"fas fa-plus\"><\/i>\t\t\t\t\t\t<\/span>\n\t\t\t\t\t\t\t\t\t\t<span class=\"elementor-icon-list-text\">Longer service life of the coolant<\/span>\n\t\t\t\t\t\t\t\t\t<\/li>\n\t\t\t\t\t\t\t\t<li class=\"elementor-icon-list-item\">\n\t\t\t\t\t\t\t\t\t\t\t<span class=\"elementor-icon-list-icon\">\n\t\t\t\t\t\t\t<i aria-hidden=\"true\" class=\"fas fa-plus\"><\/i>\t\t\t\t\t\t<\/span>\n\t\t\t\t\t\t\t\t\t\t<span class=\"elementor-icon-list-text\">Compliance with all applicable EU directives with regard to occupational safety, health and environmental protection<\/span>\n\t\t\t\t\t\t\t\t\t<\/li>\n\t\t\t\t\t\t\t\t<li class=\"elementor-icon-list-item\">\n\t\t\t\t\t\t\t\t\t\t\t<span class=\"elementor-icon-list-icon\">\n\t\t\t\t\t\t\t<i aria-hidden=\"true\" class=\"fas fa-plus\"><\/i>\t\t\t\t\t\t<\/span>\n\t\t\t\t\t\t\t\t\t\t<span class=\"elementor-icon-list-text\">Early detection of damage<\/span>\n\t\t\t\t\t\t\t\t\t<\/li>\n\t\t\t\t\t\t\t\t<li class=\"elementor-icon-list-item\">\n\t\t\t\t\t\t\t\t\t\t\t<span class=\"elementor-icon-list-icon\">\n\t\t\t\t\t\t\t<i aria-hidden=\"true\" class=\"fas fa-plus\"><\/i>\t\t\t\t\t\t<\/span>\n\t\t\t\t\t\t\t\t\t\t<span class=\"elementor-icon-list-text\">Sustainable cost reduction<\/span>\n\t\t\t\t\t\t\t\t\t<\/li>\n\t\t\t\t\t\t<\/ul>\n\t\t\t\t<\/div>\n\t\t\t\t<\/div>\n\t\t\t\t\t<\/div>\n\t\t<\/div>\n\t\t\t\t<div class=\"elementor-column elementor-col-50 elementor-inner-column elementor-element elementor-element-0a6b5e5 dbs-img elementor-invisible\" data-id=\"0a6b5e5\" data-element_type=\"column\" data-settings=\"{&quot;animation&quot;:&quot;slideInLeft&quot;,&quot;animation_delay&quot;:0,&quot;background_background&quot;:&quot;classic&quot;}\">\n\t\t\t<div class=\"elementor-widget-wrap elementor-element-populated\">\n\t\t\t\t\t\t<div class=\"elementor-element elementor-element-33d3c6d elementor-widget elementor-widget-spacer\" data-id=\"33d3c6d\" data-element_type=\"widget\" data-widget_type=\"spacer.default\">\n\t\t\t\t<div class=\"elementor-widget-container\">\n\t\t\t\t\t<div class=\"elementor-spacer\">\n\t\t\t<div class=\"elementor-spacer-inner\"><\/div>\n\t\t<\/div>\n\t\t\t\t<\/div>\n\t\t\t\t<\/div>\n\t\t\t\t\t<\/div>\n\t\t<\/div>\n\t\t\t\t\t<\/div>\n\t\t<\/section>\n\t\t\t\t\t<\/div>\n\t\t<\/div>\n\t\t\t\t\t<\/div>\n\t\t<\/section>\n\t\t\t\t<section class=\"elementor-section elementor-top-section elementor-element elementor-element-e0435b0 elementor-section-content-middle elementor-section-boxed elementor-section-height-default elementor-section-height-default\" data-id=\"e0435b0\" data-element_type=\"section\">\n\t\t\t\t\t\t<div class=\"elementor-container elementor-column-gap-default\">\n\t\t\t\t\t<div class=\"elementor-column elementor-col-100 elementor-top-column elementor-element elementor-element-9aaa9c5\" data-id=\"9aaa9c5\" data-element_type=\"column\">\n\t\t\t<div class=\"elementor-widget-wrap elementor-element-populated\">\n\t\t\t\t\t\t<div class=\"elementor-element elementor-element-b6a2f05 elementor-align-center fs-btn elementor-widget elementor-widget-button\" data-id=\"b6a2f05\" data-element_type=\"widget\" data-widget_type=\"button.default\">\n\t\t\t\t<div class=\"elementor-widget-container\">\n\t\t\t\t\t<div class=\"elementor-button-wrapper\">\n\t\t\t<a class=\"elementor-button elementor-button-link elementor-size-sm\" href=\"https:\/\/fsplus.nimm3.eu\/en\/service\/fluid-management\/\">\n\t\t\t\t\t\t<span class=\"elementor-button-content-wrapper\">\n\t\t\t\t\t\t<span class=\"elementor-button-icon\">\n\t\t\t\t<i aria-hidden=\"true\" class=\"fas fa-arrow-left\"><\/i>\t\t\t<\/span>\n\t\t\t\t\t\t\t\t\t<span class=\"elementor-button-text\">All our services on the subject of Fluid Management<\/span>\n\t\t\t\t\t<\/span>\n\t\t\t\t\t<\/a>\n\t\t<\/div>\n\t\t\t\t<\/div>\n\t\t\t\t<\/div>\n\t\t\t\t\t<\/div>\n\t\t<\/div>\n\t\t\t\t\t<\/div>\n\t\t<\/section>\n\t\t\t\t<\/div>\n\t\t","protected":false},"excerpt":{"rendered":"<p>Why is the cooling lubricant analysis important? You are using cooling lubricants. So you are subject to strict legal requirements and obligations. When working with cooling lubricants, temporary or permanent damage to health may occur. Machines and plants, in which cooling lubricants are used for the machining and forming of metals, must comply with the [&hellip;]<\/p>\n","protected":false},"author":2,"featured_media":404,"parent":5546,"menu_order":1,"comment_status":"closed","ping_status":"closed","template":"","meta":{"footnotes":""},"acf":[],"yoast_head":"<!-- This site is optimized with the Yoast SEO plugin v21.4 - https:\/\/yoast.com\/wordpress\/plugins\/seo\/ -->\n<title>Cooling Lubricant Analysis - Fluid Service Plus - Mehr Qualit\u00e4t.<\/title>\n<meta name=\"robots\" content=\"noindex, follow, max-snippet:-1, max-image-preview:large, max-video-preview:-1\" \/>\n<meta property=\"og:locale\" content=\"en_US\" \/>\n<meta property=\"og:type\" content=\"article\" \/>\n<meta property=\"og:title\" content=\"Cooling Lubricant Analysis - Fluid Service Plus - Mehr Qualit\u00e4t.\" \/>\n<meta property=\"og:description\" content=\"Why is the cooling lubricant analysis important? You are using cooling lubricants. So you are subject to strict legal requirements and obligations. When working with cooling lubricants, temporary or permanent damage to health may occur. Machines and plants, in which cooling lubricants are used for the machining and forming of metals, must comply with the [&hellip;]\" \/>\n<meta property=\"og:url\" content=\"https:\/\/fsplus.nimm3.eu\/en\/service\/fluid-management\/cooling-lubricant-analysis\/\" \/>\n<meta property=\"og:site_name\" content=\"Fluid Service Plus - Mehr Qualit\u00e4t.\" \/>\n<meta property=\"article:publisher\" content=\"https:\/\/www.facebook.com\/Fluid-Service-Plus-GmbH-393781057359889\/\" \/>\n<meta property=\"article:modified_time\" content=\"2022-06-15T10:05:30+00:00\" \/>\n<meta property=\"og:image\" content=\"https:\/\/fsplus.nimm3.eu\/wp-content\/uploads\/2022\/04\/002-Ku\u0308hlschmierstoff-Analyse.jpeg\" \/>\n\t<meta property=\"og:image:width\" content=\"1670\" \/>\n\t<meta property=\"og:image:height\" content=\"600\" \/>\n\t<meta property=\"og:image:type\" content=\"image\/jpeg\" \/>\n<meta name=\"twitter:card\" content=\"summary_large_image\" \/>\n<meta name=\"twitter:label1\" content=\"Est. reading time\" \/>\n\t<meta name=\"twitter:data1\" content=\"1 minute\" \/>\n<script type=\"application\/ld+json\" class=\"yoast-schema-graph\">{\"@context\":\"https:\/\/schema.org\",\"@graph\":[{\"@type\":\"WebPage\",\"@id\":\"https:\/\/fsplus.nimm3.eu\/en\/service\/fluid-management\/cooling-lubricant-analysis\/\",\"url\":\"https:\/\/fsplus.nimm3.eu\/en\/service\/fluid-management\/cooling-lubricant-analysis\/\",\"name\":\"Cooling Lubricant Analysis - Fluid Service Plus - Mehr Qualit\u00e4t.\",\"isPartOf\":{\"@id\":\"https:\/\/fsplus.nimm3.eu\/#website\"},\"datePublished\":\"2022-04-04T08:52:49+00:00\",\"dateModified\":\"2022-06-15T10:05:30+00:00\",\"breadcrumb\":{\"@id\":\"https:\/\/fsplus.nimm3.eu\/en\/service\/fluid-management\/cooling-lubricant-analysis\/#breadcrumb\"},\"inLanguage\":\"en-US\",\"potentialAction\":[{\"@type\":\"ReadAction\",\"target\":[\"https:\/\/fsplus.nimm3.eu\/en\/service\/fluid-management\/cooling-lubricant-analysis\/\"]}]},{\"@type\":\"BreadcrumbList\",\"@id\":\"https:\/\/fsplus.nimm3.eu\/en\/service\/fluid-management\/cooling-lubricant-analysis\/#breadcrumb\",\"itemListElement\":[{\"@type\":\"ListItem\",\"position\":1,\"name\":\"Startseite\",\"item\":\"https:\/\/fsplus.nimm3.eu\/en\/\"},{\"@type\":\"ListItem\",\"position\":2,\"name\":\"Service\",\"item\":\"https:\/\/fsplus.nimm3.eu\/en\/service\/\"},{\"@type\":\"ListItem\",\"position\":3,\"name\":\"Fluid Management\",\"item\":\"https:\/\/fsplus.nimm3.eu\/en\/service\/fluid-management\/\"},{\"@type\":\"ListItem\",\"position\":4,\"name\":\"Cooling Lubricant Analysis\"}]},{\"@type\":\"WebSite\",\"@id\":\"https:\/\/fsplus.nimm3.eu\/#website\",\"url\":\"https:\/\/fsplus.nimm3.eu\/\",\"name\":\"Fluid Service Plus - Mehr Qualit\u00e4t. Mehr Zuverl\u00e4ssigkeit.\",\"description\":\"FS Plus ist Anbieter f\u00fcr industrielle Dienstleistungen und setzt sich aus Bereichen wie Fluid Management, Industriereinigung und \u00d6lservice zusammen.\",\"publisher\":{\"@id\":\"https:\/\/fsplus.nimm3.eu\/#organization\"},\"potentialAction\":[{\"@type\":\"SearchAction\",\"target\":{\"@type\":\"EntryPoint\",\"urlTemplate\":\"https:\/\/fsplus.nimm3.eu\/?s={search_term_string}\"},\"query-input\":\"required name=search_term_string\"}],\"inLanguage\":\"en-US\"},{\"@type\":\"Organization\",\"@id\":\"https:\/\/fsplus.nimm3.eu\/#organization\",\"name\":\"Fluid Service Plus GmbH\",\"url\":\"https:\/\/fsplus.nimm3.eu\/\",\"logo\":{\"@type\":\"ImageObject\",\"inLanguage\":\"en-US\",\"@id\":\"https:\/\/fsplus.nimm3.eu\/#\/schema\/logo\/image\/\",\"url\":\"https:\/\/fsplus.nimm3.eu\/wp-content\/uploads\/2022\/03\/fs-plus-logo-full.svg\",\"contentUrl\":\"https:\/\/fsplus.nimm3.eu\/wp-content\/uploads\/2022\/03\/fs-plus-logo-full.svg\",\"width\":162,\"height\":41,\"caption\":\"Fluid Service Plus GmbH\"},\"image\":{\"@id\":\"https:\/\/fsplus.nimm3.eu\/#\/schema\/logo\/image\/\"},\"sameAs\":[\"https:\/\/www.facebook.com\/Fluid-Service-Plus-GmbH-393781057359889\/\",\"https:\/\/www.linkedin.com\/company\/fluidserviceplus\/\",\"https:\/\/www.xing.com\/companies\/fluidserviceplusgmbh\"]}]}<\/script>\n<!-- \/ Yoast SEO plugin. -->","yoast_head_json":{"title":"Cooling Lubricant Analysis - Fluid Service Plus - Mehr Qualit\u00e4t.","robots":{"index":"noindex","follow":"follow","max-snippet":"max-snippet:-1","max-image-preview":"max-image-preview:large","max-video-preview":"max-video-preview:-1"},"og_locale":"en_US","og_type":"article","og_title":"Cooling Lubricant Analysis - Fluid Service Plus - Mehr Qualit\u00e4t.","og_description":"Why is the cooling lubricant analysis important? You are using cooling lubricants. So you are subject to strict legal requirements and obligations. When working with cooling lubricants, temporary or permanent damage to health may occur. Machines and plants, in which cooling lubricants are used for the machining and forming of metals, must comply with the [&hellip;]","og_url":"https:\/\/fsplus.nimm3.eu\/en\/service\/fluid-management\/cooling-lubricant-analysis\/","og_site_name":"Fluid Service Plus - Mehr Qualit\u00e4t.","article_publisher":"https:\/\/www.facebook.com\/Fluid-Service-Plus-GmbH-393781057359889\/","article_modified_time":"2022-06-15T10:05:30+00:00","og_image":[{"width":1670,"height":600,"url":"https:\/\/fsplus.nimm3.eu\/wp-content\/uploads\/2022\/04\/002-Ku\u0308hlschmierstoff-Analyse.jpeg","type":"image\/jpeg"}],"twitter_card":"summary_large_image","twitter_misc":{"Est. reading time":"1 minute"},"schema":{"@context":"https:\/\/schema.org","@graph":[{"@type":"WebPage","@id":"https:\/\/fsplus.nimm3.eu\/en\/service\/fluid-management\/cooling-lubricant-analysis\/","url":"https:\/\/fsplus.nimm3.eu\/en\/service\/fluid-management\/cooling-lubricant-analysis\/","name":"Cooling Lubricant Analysis - Fluid Service Plus - Mehr Qualit\u00e4t.","isPartOf":{"@id":"https:\/\/fsplus.nimm3.eu\/#website"},"datePublished":"2022-04-04T08:52:49+00:00","dateModified":"2022-06-15T10:05:30+00:00","breadcrumb":{"@id":"https:\/\/fsplus.nimm3.eu\/en\/service\/fluid-management\/cooling-lubricant-analysis\/#breadcrumb"},"inLanguage":"en-US","potentialAction":[{"@type":"ReadAction","target":["https:\/\/fsplus.nimm3.eu\/en\/service\/fluid-management\/cooling-lubricant-analysis\/"]}]},{"@type":"BreadcrumbList","@id":"https:\/\/fsplus.nimm3.eu\/en\/service\/fluid-management\/cooling-lubricant-analysis\/#breadcrumb","itemListElement":[{"@type":"ListItem","position":1,"name":"Startseite","item":"https:\/\/fsplus.nimm3.eu\/en\/"},{"@type":"ListItem","position":2,"name":"Service","item":"https:\/\/fsplus.nimm3.eu\/en\/service\/"},{"@type":"ListItem","position":3,"name":"Fluid Management","item":"https:\/\/fsplus.nimm3.eu\/en\/service\/fluid-management\/"},{"@type":"ListItem","position":4,"name":"Cooling Lubricant Analysis"}]},{"@type":"WebSite","@id":"https:\/\/fsplus.nimm3.eu\/#website","url":"https:\/\/fsplus.nimm3.eu\/","name":"Fluid Service Plus - Mehr Qualit\u00e4t. Mehr Zuverl\u00e4ssigkeit.","description":"FS Plus ist Anbieter f\u00fcr industrielle Dienstleistungen und setzt sich aus Bereichen wie Fluid Management, Industriereinigung und \u00d6lservice zusammen.","publisher":{"@id":"https:\/\/fsplus.nimm3.eu\/#organization"},"potentialAction":[{"@type":"SearchAction","target":{"@type":"EntryPoint","urlTemplate":"https:\/\/fsplus.nimm3.eu\/?s={search_term_string}"},"query-input":"required name=search_term_string"}],"inLanguage":"en-US"},{"@type":"Organization","@id":"https:\/\/fsplus.nimm3.eu\/#organization","name":"Fluid Service Plus GmbH","url":"https:\/\/fsplus.nimm3.eu\/","logo":{"@type":"ImageObject","inLanguage":"en-US","@id":"https:\/\/fsplus.nimm3.eu\/#\/schema\/logo\/image\/","url":"https:\/\/fsplus.nimm3.eu\/wp-content\/uploads\/2022\/03\/fs-plus-logo-full.svg","contentUrl":"https:\/\/fsplus.nimm3.eu\/wp-content\/uploads\/2022\/03\/fs-plus-logo-full.svg","width":162,"height":41,"caption":"Fluid Service Plus GmbH"},"image":{"@id":"https:\/\/fsplus.nimm3.eu\/#\/schema\/logo\/image\/"},"sameAs":["https:\/\/www.facebook.com\/Fluid-Service-Plus-GmbH-393781057359889\/","https:\/\/www.linkedin.com\/company\/fluidserviceplus\/","https:\/\/www.xing.com\/companies\/fluidserviceplusgmbh"]}]}},"_links":{"self":[{"href":"https:\/\/fsplus.nimm3.eu\/en\/wp-json\/wp\/v2\/pages\/5552"}],"collection":[{"href":"https:\/\/fsplus.nimm3.eu\/en\/wp-json\/wp\/v2\/pages"}],"about":[{"href":"https:\/\/fsplus.nimm3.eu\/en\/wp-json\/wp\/v2\/types\/page"}],"author":[{"embeddable":true,"href":"https:\/\/fsplus.nimm3.eu\/en\/wp-json\/wp\/v2\/users\/2"}],"replies":[{"embeddable":true,"href":"https:\/\/fsplus.nimm3.eu\/en\/wp-json\/wp\/v2\/comments?post=5552"}],"version-history":[{"count":10,"href":"https:\/\/fsplus.nimm3.eu\/en\/wp-json\/wp\/v2\/pages\/5552\/revisions"}],"predecessor-version":[{"id":9630,"href":"https:\/\/fsplus.nimm3.eu\/en\/wp-json\/wp\/v2\/pages\/5552\/revisions\/9630"}],"up":[{"embeddable":true,"href":"https:\/\/fsplus.nimm3.eu\/en\/wp-json\/wp\/v2\/pages\/5546"}],"wp:featuredmedia":[{"embeddable":true,"href":"https:\/\/fsplus.nimm3.eu\/en\/wp-json\/wp\/v2\/media\/404"}],"wp:attachment":[{"href":"https:\/\/fsplus.nimm3.eu\/en\/wp-json\/wp\/v2\/media?parent=5552"}],"curies":[{"name":"wp","href":"https:\/\/api.w.org\/{rel}","templated":true}]}}