{"id":5562,"date":"2022-04-08T09:20:08","date_gmt":"2022-04-08T07:20:08","guid":{"rendered":"https:\/\/fsplus.nimm3.eu\/service\/fluid-management\/lubrication-and-oil-service\/"},"modified":"2022-05-23T10:55:57","modified_gmt":"2022-05-23T08:55:57","slug":"lubrication-and-oil-service","status":"publish","type":"page","link":"https:\/\/fsplus.nimm3.eu\/en\/service\/fluid-management\/lubrication-and-oil-service\/","title":{"rendered":"Lubrication and Oil Service"},"content":{"rendered":"\t\t<div data-elementor-type=\"wp-page\" data-elementor-id=\"5562\" class=\"elementor elementor-5562 elementor-1508\" data-elementor-post-type=\"page\">\n\t\t\t\t\t\t<section class=\"elementor-section elementor-top-section elementor-element elementor-element-4d507b37 elementor-section-boxed elementor-section-height-default elementor-section-height-default\" data-id=\"4d507b37\" data-element_type=\"section\">\n\t\t\t\t\t\t<div class=\"elementor-container elementor-column-gap-default\">\n\t\t\t\t\t<div class=\"elementor-column elementor-col-100 elementor-top-column elementor-element elementor-element-b5e422f\" data-id=\"b5e422f\" data-element_type=\"column\">\n\t\t\t<div class=\"elementor-widget-wrap elementor-element-populated\">\n\t\t\t\t\t\t<div class=\"elementor-element elementor-element-7b17f968 elementor-widget elementor-widget-heading\" data-id=\"7b17f968\" data-element_type=\"widget\" data-widget_type=\"heading.default\">\n\t\t\t\t<div class=\"elementor-widget-container\">\n\t\t\t<h2 class=\"elementor-heading-title elementor-size-default\">Why is the lubrication and oil service important?<\/h2>\t\t<\/div>\n\t\t\t\t<\/div>\n\t\t\t\t<section class=\"elementor-section elementor-inner-section elementor-element elementor-element-1185dc2a elementor-section-boxed elementor-section-height-default elementor-section-height-default\" data-id=\"1185dc2a\" data-element_type=\"section\">\n\t\t\t\t\t\t<div class=\"elementor-container elementor-column-gap-default\">\n\t\t\t\t\t<div class=\"elementor-column elementor-col-50 elementor-inner-column elementor-element elementor-element-38b40733\" data-id=\"38b40733\" data-element_type=\"column\">\n\t\t\t<div class=\"elementor-widget-wrap elementor-element-populated\">\n\t\t\t\t\t\t<div class=\"elementor-element elementor-element-3e91f0d5 elementor-widget elementor-widget-text-editor\" data-id=\"3e91f0d5\" data-element_type=\"widget\" data-widget_type=\"text-editor.default\">\n\t\t\t\t<div class=\"elementor-widget-container\">\n\t\t\t\t\t\t\t<div class=\"col-md-6 \"><div class=\"col-md-6 \"><p>Every machine runs smoothly and reliably only if it is supplied properly and professionally with the necessary lubricants. Lubrication-related machine and plant problems are widespread and occur in all industries, regardless of size and degree of complexity.<\/p><\/div><\/div>\t\t\t\t\t\t<\/div>\n\t\t\t\t<\/div>\n\t\t\t\t\t<\/div>\n\t\t<\/div>\n\t\t\t\t<div class=\"elementor-column elementor-col-50 elementor-inner-column elementor-element elementor-element-19e51ab8\" data-id=\"19e51ab8\" data-element_type=\"column\">\n\t\t\t<div class=\"elementor-widget-wrap elementor-element-populated\">\n\t\t\t\t\t\t<div class=\"elementor-element elementor-element-28a4b406 elementor-widget elementor-widget-text-editor\" data-id=\"28a4b406\" data-element_type=\"widget\" data-widget_type=\"text-editor.default\">\n\t\t\t\t<div class=\"elementor-widget-container\">\n\t\t\t\t\t\t\t<div class=\"col-md-6 \"><p>The reasons for machine failures are mostly insufficient amounts of lubricant, aged or unsuitable lubricants. A professional lubrication and oil service is essential in order to increase the availability of production machines and at the same time reduce repair costs.<\/p><\/div>\t\t\t\t\t\t<\/div>\n\t\t\t\t<\/div>\n\t\t\t\t\t<\/div>\n\t\t<\/div>\n\t\t\t\t\t<\/div>\n\t\t<\/section>\n\t\t\t\t\t<\/div>\n\t\t<\/div>\n\t\t\t\t\t<\/div>\n\t\t<\/section>\n\t\t\t\t<section class=\"elementor-section elementor-top-section elementor-element elementor-element-47a81e62 elementor-section-boxed elementor-section-height-default elementor-section-height-default\" data-id=\"47a81e62\" data-element_type=\"section\" data-settings=\"{&quot;background_background&quot;:&quot;classic&quot;}\">\n\t\t\t\t\t\t<div class=\"elementor-container elementor-column-gap-default\">\n\t\t\t\t\t<div class=\"elementor-column elementor-col-100 elementor-top-column elementor-element elementor-element-39e9b7a2\" data-id=\"39e9b7a2\" data-element_type=\"column\">\n\t\t\t<div class=\"elementor-widget-wrap elementor-element-populated\">\n\t\t\t\t\t\t<div class=\"elementor-element elementor-element-3ac922bb elementor-widget elementor-widget-heading\" data-id=\"3ac922bb\" data-element_type=\"widget\" data-widget_type=\"heading.default\">\n\t\t\t\t<div class=\"elementor-widget-container\">\n\t\t\t<h2 class=\"elementor-heading-title elementor-size-default\">Which tasks does FS Plus take over for you?<\/h2>\t\t<\/div>\n\t\t\t\t<\/div>\n\t\t\t\t<section class=\"elementor-section elementor-inner-section elementor-element elementor-element-57c36a7d elementor-section-boxed elementor-section-height-default elementor-section-height-default\" data-id=\"57c36a7d\" data-element_type=\"section\">\n\t\t\t\t\t\t<div class=\"elementor-container elementor-column-gap-default\">\n\t\t\t\t\t<div class=\"elementor-column elementor-col-50 elementor-inner-column elementor-element elementor-element-5d0a54de\" data-id=\"5d0a54de\" data-element_type=\"column\">\n\t\t\t<div class=\"elementor-widget-wrap elementor-element-populated\">\n\t\t\t\t\t\t<div class=\"elementor-element elementor-element-a6433fe elementor-widget elementor-widget-text-editor\" data-id=\"a6433fe\" data-element_type=\"widget\" data-widget_type=\"text-editor.default\">\n\t\t\t\t<div class=\"elementor-widget-container\">\n\t\t\t\t\t\t\t<div class=\"col-md-6 \"><div class=\"col-md-6 \"><div><p>FS Plus ensures the professional implementation of the responsible task of lubrication and oil service.<\/p><p>We analyze your lubricants during use and ensure their functionality through appropriate control and maintenance measures.<\/p><\/div><\/div><\/div>\t\t\t\t\t\t<\/div>\n\t\t\t\t<\/div>\n\t\t\t\t\t<\/div>\n\t\t<\/div>\n\t\t\t\t<div class=\"elementor-column elementor-col-50 elementor-inner-column elementor-element elementor-element-f5dbc18\" data-id=\"f5dbc18\" data-element_type=\"column\">\n\t\t\t<div class=\"elementor-widget-wrap elementor-element-populated\">\n\t\t\t\t\t\t<div class=\"elementor-element elementor-element-71cd0549 elementor-widget elementor-widget-text-editor\" data-id=\"71cd0549\" data-element_type=\"widget\" data-widget_type=\"text-editor.default\">\n\t\t\t\t<div class=\"elementor-widget-container\">\n\t\t\t\t\t\t\t<div class=\"col-md-6 \"><div class=\"col-md-6 \"><div class=\"col-md-6 \"><div><p>In addition, our specialists draw up lubrication plans for your machines and systems, take over the professional lubrication service and always keep an overview of your filling levels. We also perform fill level corrections and lubrication work.<\/p><p>Discover how you can save costs and increase productivity with us. <\/p><\/div><\/div><\/div><\/div>\t\t\t\t\t\t<\/div>\n\t\t\t\t<\/div>\n\t\t\t\t\t<\/div>\n\t\t<\/div>\n\t\t\t\t\t<\/div>\n\t\t<\/section>\n\t\t\t\t\t<\/div>\n\t\t<\/div>\n\t\t\t\t\t<\/div>\n\t\t<\/section>\n\t\t\t\t<section class=\"elementor-section elementor-top-section elementor-element elementor-element-5d2a2eb3 elementor-section-full_width dbs-half-bg elementor-section-height-default elementor-section-height-default\" data-id=\"5d2a2eb3\" data-element_type=\"section\">\n\t\t\t\t\t\t\t<div class=\"elementor-background-overlay\"><\/div>\n\t\t\t\t\t\t\t<div class=\"elementor-container elementor-column-gap-default\">\n\t\t\t\t\t<div class=\"elementor-column elementor-col-100 elementor-top-column elementor-element elementor-element-3f9dfdba\" data-id=\"3f9dfdba\" data-element_type=\"column\">\n\t\t\t<div class=\"elementor-widget-wrap elementor-element-populated\">\n\t\t\t\t\t\t<section class=\"elementor-section elementor-inner-section elementor-element elementor-element-35f9ee79 elementor-section-height-min-height elementor-reverse-mobile elementor-section-boxed elementor-section-height-default\" data-id=\"35f9ee79\" data-element_type=\"section\">\n\t\t\t\t\t\t<div class=\"elementor-container elementor-column-gap-default\">\n\t\t\t\t\t<div class=\"elementor-column elementor-col-50 elementor-inner-column elementor-element elementor-element-7c8097f9 elementor-invisible\" data-id=\"7c8097f9\" data-element_type=\"column\" data-settings=\"{&quot;animation&quot;:&quot;slideInLeft&quot;,&quot;animation_delay&quot;:0}\">\n\t\t\t<div class=\"elementor-widget-wrap elementor-element-populated\">\n\t\t\t\t\t\t<div class=\"elementor-element elementor-element-6a8f068c elementor-widget elementor-widget-elementskit-page-list\" data-id=\"6a8f068c\" data-element_type=\"widget\" data-widget_type=\"elementskit-page-list.default\">\n\t\t\t\t<div class=\"elementor-widget-container\">\n\t\t\t<div class=\"ekit-wid-con\" >\t\t<div class=\"elementor-icon-list-items \">\n\t\t\t\t\t<\/div>\n\t\t<\/div>\t\t<\/div>\n\t\t\t\t<\/div>\n\t\t\t\t<div class=\"elementor-element elementor-element-7adc8f10 elementor-widget elementor-widget-heading\" data-id=\"7adc8f10\" data-element_type=\"widget\" data-widget_type=\"heading.default\">\n\t\t\t\t<div class=\"elementor-widget-container\">\n\t\t\t<h2 class=\"elementor-heading-title elementor-size-default\">Your benefits at a glance:<\/h2>\t\t<\/div>\n\t\t\t\t<\/div>\n\t\t\t\t<div class=\"elementor-element elementor-element-e7a36fa elementor-align-left elementor-widget__width-initial elementor-widget-tablet__width-inherit elementor-icon-list--layout-traditional elementor-list-item-link-full_width elementor-widget elementor-widget-icon-list\" data-id=\"e7a36fa\" data-element_type=\"widget\" data-widget_type=\"icon-list.default\">\n\t\t\t\t<div class=\"elementor-widget-container\">\n\t\t\t\t\t<ul class=\"elementor-icon-list-items\">\n\t\t\t\t\t\t\t<li class=\"elementor-icon-list-item\">\n\t\t\t\t\t\t\t\t\t\t\t<span class=\"elementor-icon-list-icon\">\n\t\t\t\t\t\t\t<i aria-hidden=\"true\" class=\"fas fa-plus\"><\/i>\t\t\t\t\t\t<\/span>\n\t\t\t\t\t\t\t\t\t\t<span class=\"elementor-icon-list-text\">Relief for your employees<\/span>\n\t\t\t\t\t\t\t\t\t<\/li>\n\t\t\t\t\t\t\t\t<li class=\"elementor-icon-list-item\">\n\t\t\t\t\t\t\t\t\t\t\t<span class=\"elementor-icon-list-icon\">\n\t\t\t\t\t\t\t<i aria-hidden=\"true\" class=\"fas fa-plus\"><\/i>\t\t\t\t\t\t<\/span>\n\t\t\t\t\t\t\t\t\t\t<span class=\"elementor-icon-list-text\">Maximum performance of lubricants <\/span>\n\t\t\t\t\t\t\t\t\t<\/li>\n\t\t\t\t\t\t\t\t<li class=\"elementor-icon-list-item\">\n\t\t\t\t\t\t\t\t\t\t\t<span class=\"elementor-icon-list-icon\">\n\t\t\t\t\t\t\t<i aria-hidden=\"true\" class=\"fas fa-plus\"><\/i>\t\t\t\t\t\t<\/span>\n\t\t\t\t\t\t\t\t\t\t<span class=\"elementor-icon-list-text\">Minimization of tool and machine wear<\/span>\n\t\t\t\t\t\t\t\t\t<\/li>\n\t\t\t\t\t\t\t\t<li class=\"elementor-icon-list-item\">\n\t\t\t\t\t\t\t\t\t\t\t<span class=\"elementor-icon-list-icon\">\n\t\t\t\t\t\t\t<i aria-hidden=\"true\" class=\"fas fa-plus\"><\/i>\t\t\t\t\t\t<\/span>\n\t\t\t\t\t\t\t\t\t\t<span class=\"elementor-icon-list-text\">Reduction of replacement and cleaning intervals <\/span>\n\t\t\t\t\t\t\t\t\t<\/li>\n\t\t\t\t\t\t\t\t<li class=\"elementor-icon-list-item\">\n\t\t\t\t\t\t\t\t\t\t\t<span class=\"elementor-icon-list-icon\">\n\t\t\t\t\t\t\t<i aria-hidden=\"true\" class=\"fas fa-plus\"><\/i>\t\t\t\t\t\t<\/span>\n\t\t\t\t\t\t\t\t\t\t<span class=\"elementor-icon-list-text\">Reduction of waste materials produced <\/span>\n\t\t\t\t\t\t\t\t\t<\/li>\n\t\t\t\t\t\t\t\t<li class=\"elementor-icon-list-item\">\n\t\t\t\t\t\t\t\t\t\t\t<span class=\"elementor-icon-list-icon\">\n\t\t\t\t\t\t\t<i aria-hidden=\"true\" class=\"fas fa-plus\"><\/i>\t\t\t\t\t\t<\/span>\n\t\t\t\t\t\t\t\t\t\t<span class=\"elementor-icon-list-text\">Sustainable contribution to health and environmental protection <\/span>\n\t\t\t\t\t\t\t\t\t<\/li>\n\t\t\t\t\t\t<\/ul>\n\t\t\t\t<\/div>\n\t\t\t\t<\/div>\n\t\t\t\t\t<\/div>\n\t\t<\/div>\n\t\t\t\t<div class=\"elementor-column elementor-col-50 elementor-inner-column elementor-element elementor-element-6def70b5 dbs-img elementor-invisible\" data-id=\"6def70b5\" data-element_type=\"column\" data-settings=\"{&quot;animation&quot;:&quot;slideInLeft&quot;,&quot;animation_delay&quot;:0,&quot;background_background&quot;:&quot;classic&quot;}\">\n\t\t\t<div class=\"elementor-widget-wrap elementor-element-populated\">\n\t\t\t\t\t\t<div class=\"elementor-element elementor-element-b8de58 elementor-widget elementor-widget-spacer\" data-id=\"b8de58\" data-element_type=\"widget\" data-widget_type=\"spacer.default\">\n\t\t\t\t<div class=\"elementor-widget-container\">\n\t\t\t\t\t<div class=\"elementor-spacer\">\n\t\t\t<div class=\"elementor-spacer-inner\"><\/div>\n\t\t<\/div>\n\t\t\t\t<\/div>\n\t\t\t\t<\/div>\n\t\t\t\t\t<\/div>\n\t\t<\/div>\n\t\t\t\t\t<\/div>\n\t\t<\/section>\n\t\t\t\t\t<\/div>\n\t\t<\/div>\n\t\t\t\t\t<\/div>\n\t\t<\/section>\n\t\t\t\t<section class=\"elementor-section elementor-top-section elementor-element elementor-element-7d78e76b elementor-section-content-middle elementor-section-boxed elementor-section-height-default elementor-section-height-default\" data-id=\"7d78e76b\" data-element_type=\"section\">\n\t\t\t\t\t\t<div class=\"elementor-container elementor-column-gap-default\">\n\t\t\t\t\t<div class=\"elementor-column elementor-col-100 elementor-top-column elementor-element elementor-element-2e0bc74\" data-id=\"2e0bc74\" data-element_type=\"column\">\n\t\t\t<div class=\"elementor-widget-wrap elementor-element-populated\">\n\t\t\t\t\t\t<div class=\"elementor-element elementor-element-78094dd5 elementor-align-center fs-btn elementor-widget elementor-widget-button\" data-id=\"78094dd5\" data-element_type=\"widget\" data-widget_type=\"button.default\">\n\t\t\t\t<div class=\"elementor-widget-container\">\n\t\t\t\t\t<div class=\"elementor-button-wrapper\">\n\t\t\t<a class=\"elementor-button elementor-button-link elementor-size-sm\" href=\"https:\/\/fsplus.nimm3.eu\/en\/service\/fluid-management\/\">\n\t\t\t\t\t\t<span class=\"elementor-button-content-wrapper\">\n\t\t\t\t\t\t<span class=\"elementor-button-icon\">\n\t\t\t\t<i aria-hidden=\"true\" class=\"fas fa-arrow-left\"><\/i>\t\t\t<\/span>\n\t\t\t\t\t\t\t\t\t<span class=\"elementor-button-text\">All our services on the subject of Fluid Management<\/span>\n\t\t\t\t\t<\/span>\n\t\t\t\t\t<\/a>\n\t\t<\/div>\n\t\t\t\t<\/div>\n\t\t\t\t<\/div>\n\t\t\t\t\t<\/div>\n\t\t<\/div>\n\t\t\t\t\t<\/div>\n\t\t<\/section>\n\t\t\t\t<\/div>\n\t\t","protected":false},"excerpt":{"rendered":"<p>Why is the lubrication and oil service important? Every machine runs smoothly and reliably only if it is supplied properly and professionally with the necessary lubricants. Lubrication-related machine and plant problems are widespread and occur in all industries, regardless of size and degree of complexity. The reasons for machine failures are mostly insufficient amounts of [&hellip;]<\/p>\n","protected":false},"author":2,"featured_media":410,"parent":5546,"menu_order":4,"comment_status":"closed","ping_status":"closed","template":"","meta":{"footnotes":""},"acf":[],"yoast_head":"<!-- This site is optimized with the Yoast SEO plugin v21.4 - https:\/\/yoast.com\/wordpress\/plugins\/seo\/ -->\n<title>Lubrication and Oil Service - Fluid Service Plus - Mehr Qualit\u00e4t.<\/title>\n<meta name=\"robots\" content=\"noindex, follow, max-snippet:-1, max-image-preview:large, max-video-preview:-1\" \/>\n<meta property=\"og:locale\" content=\"en_US\" \/>\n<meta property=\"og:type\" content=\"article\" \/>\n<meta property=\"og:title\" content=\"Lubrication and Oil Service - Fluid Service Plus - Mehr Qualit\u00e4t.\" \/>\n<meta property=\"og:description\" content=\"Why is the lubrication and oil service important? Every machine runs smoothly and reliably only if it is supplied properly and professionally with the necessary lubricants. Lubrication-related machine and plant problems are widespread and occur in all industries, regardless of size and degree of complexity. The reasons for machine failures are mostly insufficient amounts of [&hellip;]\" \/>\n<meta property=\"og:url\" content=\"https:\/\/fsplus.nimm3.eu\/en\/service\/fluid-management\/lubrication-and-oil-service\/\" \/>\n<meta property=\"og:site_name\" content=\"Fluid Service Plus - Mehr Qualit\u00e4t.\" \/>\n<meta property=\"article:publisher\" content=\"https:\/\/www.facebook.com\/Fluid-Service-Plus-GmbH-393781057359889\/\" \/>\n<meta property=\"article:modified_time\" content=\"2022-05-23T08:55:57+00:00\" \/>\n<meta property=\"og:image\" content=\"https:\/\/fsplus.nimm3.eu\/wp-content\/uploads\/2022\/04\/005-Schmier-und-O\u0308lservice.jpeg\" \/>\n\t<meta property=\"og:image:width\" content=\"1670\" \/>\n\t<meta property=\"og:image:height\" content=\"600\" \/>\n\t<meta property=\"og:image:type\" content=\"image\/jpeg\" \/>\n<meta name=\"twitter:card\" content=\"summary_large_image\" \/>\n<meta name=\"twitter:label1\" content=\"Est. reading time\" \/>\n\t<meta name=\"twitter:data1\" content=\"1 minute\" \/>\n<script type=\"application\/ld+json\" class=\"yoast-schema-graph\">{\"@context\":\"https:\/\/schema.org\",\"@graph\":[{\"@type\":\"WebPage\",\"@id\":\"https:\/\/fsplus.nimm3.eu\/en\/service\/fluid-management\/lubrication-and-oil-service\/\",\"url\":\"https:\/\/fsplus.nimm3.eu\/en\/service\/fluid-management\/lubrication-and-oil-service\/\",\"name\":\"Lubrication and Oil Service - Fluid Service Plus - Mehr Qualit\u00e4t.\",\"isPartOf\":{\"@id\":\"https:\/\/fsplus.nimm3.eu\/#website\"},\"datePublished\":\"2022-04-08T07:20:08+00:00\",\"dateModified\":\"2022-05-23T08:55:57+00:00\",\"breadcrumb\":{\"@id\":\"https:\/\/fsplus.nimm3.eu\/en\/service\/fluid-management\/lubrication-and-oil-service\/#breadcrumb\"},\"inLanguage\":\"en-US\",\"potentialAction\":[{\"@type\":\"ReadAction\",\"target\":[\"https:\/\/fsplus.nimm3.eu\/en\/service\/fluid-management\/lubrication-and-oil-service\/\"]}]},{\"@type\":\"BreadcrumbList\",\"@id\":\"https:\/\/fsplus.nimm3.eu\/en\/service\/fluid-management\/lubrication-and-oil-service\/#breadcrumb\",\"itemListElement\":[{\"@type\":\"ListItem\",\"position\":1,\"name\":\"Startseite\",\"item\":\"https:\/\/fsplus.nimm3.eu\/en\/\"},{\"@type\":\"ListItem\",\"position\":2,\"name\":\"Service\",\"item\":\"https:\/\/fsplus.nimm3.eu\/en\/service\/\"},{\"@type\":\"ListItem\",\"position\":3,\"name\":\"Fluid Management\",\"item\":\"https:\/\/fsplus.nimm3.eu\/en\/service\/fluid-management\/\"},{\"@type\":\"ListItem\",\"position\":4,\"name\":\"Lubrication and Oil Service\"}]},{\"@type\":\"WebSite\",\"@id\":\"https:\/\/fsplus.nimm3.eu\/#website\",\"url\":\"https:\/\/fsplus.nimm3.eu\/\",\"name\":\"Fluid Service Plus - Mehr Qualit\u00e4t. Mehr Zuverl\u00e4ssigkeit.\",\"description\":\"FS Plus ist Anbieter f\u00fcr industrielle Dienstleistungen und setzt sich aus Bereichen wie Fluid Management, Industriereinigung und \u00d6lservice zusammen.\",\"publisher\":{\"@id\":\"https:\/\/fsplus.nimm3.eu\/#organization\"},\"potentialAction\":[{\"@type\":\"SearchAction\",\"target\":{\"@type\":\"EntryPoint\",\"urlTemplate\":\"https:\/\/fsplus.nimm3.eu\/?s={search_term_string}\"},\"query-input\":\"required name=search_term_string\"}],\"inLanguage\":\"en-US\"},{\"@type\":\"Organization\",\"@id\":\"https:\/\/fsplus.nimm3.eu\/#organization\",\"name\":\"Fluid Service Plus GmbH\",\"url\":\"https:\/\/fsplus.nimm3.eu\/\",\"logo\":{\"@type\":\"ImageObject\",\"inLanguage\":\"en-US\",\"@id\":\"https:\/\/fsplus.nimm3.eu\/#\/schema\/logo\/image\/\",\"url\":\"https:\/\/fsplus.nimm3.eu\/wp-content\/uploads\/2022\/03\/fs-plus-logo-full.svg\",\"contentUrl\":\"https:\/\/fsplus.nimm3.eu\/wp-content\/uploads\/2022\/03\/fs-plus-logo-full.svg\",\"width\":162,\"height\":41,\"caption\":\"Fluid Service Plus GmbH\"},\"image\":{\"@id\":\"https:\/\/fsplus.nimm3.eu\/#\/schema\/logo\/image\/\"},\"sameAs\":[\"https:\/\/www.facebook.com\/Fluid-Service-Plus-GmbH-393781057359889\/\",\"https:\/\/www.linkedin.com\/company\/fluidserviceplus\/\",\"https:\/\/www.xing.com\/companies\/fluidserviceplusgmbh\"]}]}<\/script>\n<!-- \/ Yoast SEO plugin. -->","yoast_head_json":{"title":"Lubrication and Oil Service - Fluid Service Plus - Mehr Qualit\u00e4t.","robots":{"index":"noindex","follow":"follow","max-snippet":"max-snippet:-1","max-image-preview":"max-image-preview:large","max-video-preview":"max-video-preview:-1"},"og_locale":"en_US","og_type":"article","og_title":"Lubrication and Oil Service - Fluid Service Plus - Mehr Qualit\u00e4t.","og_description":"Why is the lubrication and oil service important? Every machine runs smoothly and reliably only if it is supplied properly and professionally with the necessary lubricants. Lubrication-related machine and plant problems are widespread and occur in all industries, regardless of size and degree of complexity. The reasons for machine failures are mostly insufficient amounts of [&hellip;]","og_url":"https:\/\/fsplus.nimm3.eu\/en\/service\/fluid-management\/lubrication-and-oil-service\/","og_site_name":"Fluid Service Plus - Mehr Qualit\u00e4t.","article_publisher":"https:\/\/www.facebook.com\/Fluid-Service-Plus-GmbH-393781057359889\/","article_modified_time":"2022-05-23T08:55:57+00:00","og_image":[{"width":1670,"height":600,"url":"https:\/\/fsplus.nimm3.eu\/wp-content\/uploads\/2022\/04\/005-Schmier-und-O\u0308lservice.jpeg","type":"image\/jpeg"}],"twitter_card":"summary_large_image","twitter_misc":{"Est. reading time":"1 minute"},"schema":{"@context":"https:\/\/schema.org","@graph":[{"@type":"WebPage","@id":"https:\/\/fsplus.nimm3.eu\/en\/service\/fluid-management\/lubrication-and-oil-service\/","url":"https:\/\/fsplus.nimm3.eu\/en\/service\/fluid-management\/lubrication-and-oil-service\/","name":"Lubrication and Oil Service - Fluid Service Plus - Mehr Qualit\u00e4t.","isPartOf":{"@id":"https:\/\/fsplus.nimm3.eu\/#website"},"datePublished":"2022-04-08T07:20:08+00:00","dateModified":"2022-05-23T08:55:57+00:00","breadcrumb":{"@id":"https:\/\/fsplus.nimm3.eu\/en\/service\/fluid-management\/lubrication-and-oil-service\/#breadcrumb"},"inLanguage":"en-US","potentialAction":[{"@type":"ReadAction","target":["https:\/\/fsplus.nimm3.eu\/en\/service\/fluid-management\/lubrication-and-oil-service\/"]}]},{"@type":"BreadcrumbList","@id":"https:\/\/fsplus.nimm3.eu\/en\/service\/fluid-management\/lubrication-and-oil-service\/#breadcrumb","itemListElement":[{"@type":"ListItem","position":1,"name":"Startseite","item":"https:\/\/fsplus.nimm3.eu\/en\/"},{"@type":"ListItem","position":2,"name":"Service","item":"https:\/\/fsplus.nimm3.eu\/en\/service\/"},{"@type":"ListItem","position":3,"name":"Fluid Management","item":"https:\/\/fsplus.nimm3.eu\/en\/service\/fluid-management\/"},{"@type":"ListItem","position":4,"name":"Lubrication and Oil Service"}]},{"@type":"WebSite","@id":"https:\/\/fsplus.nimm3.eu\/#website","url":"https:\/\/fsplus.nimm3.eu\/","name":"Fluid Service Plus - Mehr Qualit\u00e4t. Mehr Zuverl\u00e4ssigkeit.","description":"FS Plus ist Anbieter f\u00fcr industrielle Dienstleistungen und setzt sich aus Bereichen wie Fluid Management, Industriereinigung und \u00d6lservice zusammen.","publisher":{"@id":"https:\/\/fsplus.nimm3.eu\/#organization"},"potentialAction":[{"@type":"SearchAction","target":{"@type":"EntryPoint","urlTemplate":"https:\/\/fsplus.nimm3.eu\/?s={search_term_string}"},"query-input":"required name=search_term_string"}],"inLanguage":"en-US"},{"@type":"Organization","@id":"https:\/\/fsplus.nimm3.eu\/#organization","name":"Fluid Service Plus GmbH","url":"https:\/\/fsplus.nimm3.eu\/","logo":{"@type":"ImageObject","inLanguage":"en-US","@id":"https:\/\/fsplus.nimm3.eu\/#\/schema\/logo\/image\/","url":"https:\/\/fsplus.nimm3.eu\/wp-content\/uploads\/2022\/03\/fs-plus-logo-full.svg","contentUrl":"https:\/\/fsplus.nimm3.eu\/wp-content\/uploads\/2022\/03\/fs-plus-logo-full.svg","width":162,"height":41,"caption":"Fluid Service Plus GmbH"},"image":{"@id":"https:\/\/fsplus.nimm3.eu\/#\/schema\/logo\/image\/"},"sameAs":["https:\/\/www.facebook.com\/Fluid-Service-Plus-GmbH-393781057359889\/","https:\/\/www.linkedin.com\/company\/fluidserviceplus\/","https:\/\/www.xing.com\/companies\/fluidserviceplusgmbh"]}]}},"_links":{"self":[{"href":"https:\/\/fsplus.nimm3.eu\/en\/wp-json\/wp\/v2\/pages\/5562"}],"collection":[{"href":"https:\/\/fsplus.nimm3.eu\/en\/wp-json\/wp\/v2\/pages"}],"about":[{"href":"https:\/\/fsplus.nimm3.eu\/en\/wp-json\/wp\/v2\/types\/page"}],"author":[{"embeddable":true,"href":"https:\/\/fsplus.nimm3.eu\/en\/wp-json\/wp\/v2\/users\/2"}],"replies":[{"embeddable":true,"href":"https:\/\/fsplus.nimm3.eu\/en\/wp-json\/wp\/v2\/comments?post=5562"}],"version-history":[{"count":4,"href":"https:\/\/fsplus.nimm3.eu\/en\/wp-json\/wp\/v2\/pages\/5562\/revisions"}],"predecessor-version":[{"id":8800,"href":"https:\/\/fsplus.nimm3.eu\/en\/wp-json\/wp\/v2\/pages\/5562\/revisions\/8800"}],"up":[{"embeddable":true,"href":"https:\/\/fsplus.nimm3.eu\/en\/wp-json\/wp\/v2\/pages\/5546"}],"wp:featuredmedia":[{"embeddable":true,"href":"https:\/\/fsplus.nimm3.eu\/en\/wp-json\/wp\/v2\/media\/410"}],"wp:attachment":[{"href":"https:\/\/fsplus.nimm3.eu\/en\/wp-json\/wp\/v2\/media?parent=5562"}],"curies":[{"name":"wp","href":"https:\/\/api.w.org\/{rel}","templated":true}]}}