{"id":5662,"date":"2022-04-08T11:30:25","date_gmt":"2022-04-08T09:30:25","guid":{"rendered":"https:\/\/fsplus.nimm3.eu\/service\/industrial-support\/industrial-packaging\/"},"modified":"2022-05-23T11:10:56","modified_gmt":"2022-05-23T09:10:56","slug":"industrial-packaging","status":"publish","type":"page","link":"https:\/\/fsplus.nimm3.eu\/en\/service\/industrial-support\/industrial-packaging\/","title":{"rendered":"Industrial Packaging"},"content":{"rendered":"\t\t<div data-elementor-type=\"wp-page\" data-elementor-id=\"5662\" class=\"elementor elementor-5662 elementor-1687\" data-elementor-post-type=\"page\">\n\t\t\t\t\t\t<section class=\"elementor-section elementor-top-section elementor-element elementor-element-24d14848 elementor-section-boxed elementor-section-height-default elementor-section-height-default\" data-id=\"24d14848\" data-element_type=\"section\">\n\t\t\t\t\t\t<div class=\"elementor-container elementor-column-gap-default\">\n\t\t\t\t\t<div class=\"elementor-column elementor-col-100 elementor-top-column elementor-element elementor-element-282d2056\" data-id=\"282d2056\" data-element_type=\"column\">\n\t\t\t<div class=\"elementor-widget-wrap elementor-element-populated\">\n\t\t\t\t\t\t<div class=\"elementor-element elementor-element-80fc0d4 elementor-widget elementor-widget-heading\" data-id=\"80fc0d4\" data-element_type=\"widget\" data-widget_type=\"heading.default\">\n\t\t\t\t<div class=\"elementor-widget-container\">\n\t\t\t<h2 class=\"elementor-heading-title elementor-size-default\">Why are industrial packagings important? <\/h2>\t\t<\/div>\n\t\t\t\t<\/div>\n\t\t\t\t<section class=\"elementor-section elementor-inner-section elementor-element elementor-element-3be10327 elementor-section-boxed elementor-section-height-default elementor-section-height-default\" data-id=\"3be10327\" data-element_type=\"section\">\n\t\t\t\t\t\t<div class=\"elementor-container elementor-column-gap-default\">\n\t\t\t\t\t<div class=\"elementor-column elementor-col-50 elementor-inner-column elementor-element elementor-element-25174347\" data-id=\"25174347\" data-element_type=\"column\">\n\t\t\t<div class=\"elementor-widget-wrap elementor-element-populated\">\n\t\t\t\t\t\t<div class=\"elementor-element elementor-element-36b4faa elementor-widget elementor-widget-text-editor\" data-id=\"36b4faa\" data-element_type=\"widget\" data-widget_type=\"text-editor.default\">\n\t\t\t\t<div class=\"elementor-widget-container\">\n\t\t\t\t\t\t\t<div class=\"col-md-6 \"><div class=\"col-md-6 \"><div class=\"col-md-6 \"><p>Great things have already been achieved with the completion of a product. Packaging and protective measures are still required for further use. They represent an indispensable part of the modern transport chain for both national and international exchange of goods.<\/p><\/div><\/div><\/div>\t\t\t\t\t\t<\/div>\n\t\t\t\t<\/div>\n\t\t\t\t\t<\/div>\n\t\t<\/div>\n\t\t\t\t<div class=\"elementor-column elementor-col-50 elementor-inner-column elementor-element elementor-element-4466f934\" data-id=\"4466f934\" data-element_type=\"column\">\n\t\t\t<div class=\"elementor-widget-wrap elementor-element-populated\">\n\t\t\t\t\t\t<div class=\"elementor-element elementor-element-3f954f21 elementor-widget elementor-widget-text-editor\" data-id=\"3f954f21\" data-element_type=\"widget\" data-widget_type=\"text-editor.default\">\n\t\t\t\t<div class=\"elementor-widget-container\">\n\t\t\t\t\t\t\t<div class=\"col-md-6 \"><div class=\"col-md-6 \"><div class=\"col-md-6 \"><div class=\"col-md-6 \"><div class=\"col-md-6 \"><p>The variety of goods and transports with special conditions for export confronts companies with increasingly difficult challenges. This is why you should place such complex protective measures in professional hands &#8211; it saves time and money.<\/p><\/div><\/div><\/div><\/div><\/div>\t\t\t\t\t\t<\/div>\n\t\t\t\t<\/div>\n\t\t\t\t\t<\/div>\n\t\t<\/div>\n\t\t\t\t\t<\/div>\n\t\t<\/section>\n\t\t\t\t\t<\/div>\n\t\t<\/div>\n\t\t\t\t\t<\/div>\n\t\t<\/section>\n\t\t\t\t<section class=\"elementor-section elementor-top-section elementor-element elementor-element-138bc380 elementor-section-boxed elementor-section-height-default elementor-section-height-default\" data-id=\"138bc380\" data-element_type=\"section\" data-settings=\"{&quot;background_background&quot;:&quot;classic&quot;}\">\n\t\t\t\t\t\t<div class=\"elementor-container elementor-column-gap-default\">\n\t\t\t\t\t<div class=\"elementor-column elementor-col-100 elementor-top-column elementor-element elementor-element-55cbd479\" data-id=\"55cbd479\" data-element_type=\"column\">\n\t\t\t<div class=\"elementor-widget-wrap elementor-element-populated\">\n\t\t\t\t\t\t<div class=\"elementor-element elementor-element-5ed0e782 elementor-widget elementor-widget-heading\" data-id=\"5ed0e782\" data-element_type=\"widget\" data-widget_type=\"heading.default\">\n\t\t\t\t<div class=\"elementor-widget-container\">\n\t\t\t<h2 class=\"elementor-heading-title elementor-size-default\">Which tasks does FS Plus take over for you?<\/h2>\t\t<\/div>\n\t\t\t\t<\/div>\n\t\t\t\t<section class=\"elementor-section elementor-inner-section elementor-element elementor-element-6ce952ef elementor-section-boxed elementor-section-height-default elementor-section-height-default\" data-id=\"6ce952ef\" data-element_type=\"section\">\n\t\t\t\t\t\t<div class=\"elementor-container elementor-column-gap-default\">\n\t\t\t\t\t<div class=\"elementor-column elementor-col-50 elementor-inner-column elementor-element elementor-element-4543886e\" data-id=\"4543886e\" data-element_type=\"column\">\n\t\t\t<div class=\"elementor-widget-wrap elementor-element-populated\">\n\t\t\t\t\t\t<div class=\"elementor-element elementor-element-3dca2e78 elementor-widget elementor-widget-text-editor\" data-id=\"3dca2e78\" data-element_type=\"widget\" data-widget_type=\"text-editor.default\">\n\t\t\t\t<div class=\"elementor-widget-container\">\n\t\t\t\t\t\t\t<p>FS Plus ensures that your products are protected by strong industrial packaging and reliable protective measures for further work and arrive intact at the recipient.<\/p><p>We are happy to advise you on efficient packaging and logistics solutions to protect your industrial goods. When making your selection, we take your individual needs into account so that there are no limits to the range of services we offer.<\/p>\t\t\t\t\t\t<\/div>\n\t\t\t\t<\/div>\n\t\t\t\t\t<\/div>\n\t\t<\/div>\n\t\t\t\t<div class=\"elementor-column elementor-col-50 elementor-inner-column elementor-element elementor-element-7f26116e\" data-id=\"7f26116e\" data-element_type=\"column\">\n\t\t\t<div class=\"elementor-widget-wrap elementor-element-populated\">\n\t\t\t\t\t\t<div class=\"elementor-element elementor-element-ac82731 elementor-widget elementor-widget-text-editor\" data-id=\"ac82731\" data-element_type=\"widget\" data-widget_type=\"text-editor.default\">\n\t\t\t\t<div class=\"elementor-widget-container\">\n\t\t\t\t\t\t\t<div class=\"col-md-6 \"><div class=\"col-md-6 \"><div class=\"col-md-6 \"><div class=\"col-md-6 \"><div class=\"col-md-6 \"><div class=\"col-md-6 \"><p>Whether complex protective measures for heavy goods, hazardous goods or small parts &#8211; reliable packaging methods and highly trained specialists from our company ensure the comprehensive safety of your products.<\/p><\/div><\/div><\/div><\/div><\/div><\/div>\t\t\t\t\t\t<\/div>\n\t\t\t\t<\/div>\n\t\t\t\t\t<\/div>\n\t\t<\/div>\n\t\t\t\t\t<\/div>\n\t\t<\/section>\n\t\t\t\t\t<\/div>\n\t\t<\/div>\n\t\t\t\t\t<\/div>\n\t\t<\/section>\n\t\t\t\t<section class=\"elementor-section elementor-top-section elementor-element elementor-element-3b34b4b elementor-section-full_width dbs-half-bg elementor-section-height-default elementor-section-height-default\" data-id=\"3b34b4b\" data-element_type=\"section\">\n\t\t\t\t\t\t\t<div class=\"elementor-background-overlay\"><\/div>\n\t\t\t\t\t\t\t<div class=\"elementor-container elementor-column-gap-default\">\n\t\t\t\t\t<div class=\"elementor-column elementor-col-100 elementor-top-column elementor-element elementor-element-569a391d\" data-id=\"569a391d\" data-element_type=\"column\">\n\t\t\t<div class=\"elementor-widget-wrap elementor-element-populated\">\n\t\t\t\t\t\t<section class=\"elementor-section elementor-inner-section elementor-element elementor-element-772f9367 elementor-section-height-min-height elementor-reverse-mobile elementor-section-boxed elementor-section-height-default\" data-id=\"772f9367\" data-element_type=\"section\">\n\t\t\t\t\t\t<div class=\"elementor-container elementor-column-gap-default\">\n\t\t\t\t\t<div class=\"elementor-column elementor-col-50 elementor-inner-column elementor-element elementor-element-3bdba10d elementor-invisible\" data-id=\"3bdba10d\" data-element_type=\"column\" data-settings=\"{&quot;animation&quot;:&quot;slideInLeft&quot;,&quot;animation_delay&quot;:0}\">\n\t\t\t<div class=\"elementor-widget-wrap elementor-element-populated\">\n\t\t\t\t\t\t<div class=\"elementor-element elementor-element-60fe989b elementor-widget elementor-widget-elementskit-page-list\" data-id=\"60fe989b\" data-element_type=\"widget\" data-widget_type=\"elementskit-page-list.default\">\n\t\t\t\t<div class=\"elementor-widget-container\">\n\t\t\t<div class=\"ekit-wid-con\" >\t\t<div class=\"elementor-icon-list-items \">\n\t\t\t\t\t<\/div>\n\t\t<\/div>\t\t<\/div>\n\t\t\t\t<\/div>\n\t\t\t\t<div class=\"elementor-element elementor-element-17211f1d elementor-widget elementor-widget-heading\" data-id=\"17211f1d\" data-element_type=\"widget\" data-widget_type=\"heading.default\">\n\t\t\t\t<div class=\"elementor-widget-container\">\n\t\t\t<h2 class=\"elementor-heading-title elementor-size-default\">Your benefits at a glance:<\/h2>\t\t<\/div>\n\t\t\t\t<\/div>\n\t\t\t\t<div class=\"elementor-element elementor-element-e7a36fa elementor-align-left elementor-widget__width-initial elementor-widget-tablet__width-inherit elementor-icon-list--layout-traditional elementor-list-item-link-full_width elementor-widget elementor-widget-icon-list\" data-id=\"e7a36fa\" data-element_type=\"widget\" data-widget_type=\"icon-list.default\">\n\t\t\t\t<div class=\"elementor-widget-container\">\n\t\t\t\t\t<ul class=\"elementor-icon-list-items\">\n\t\t\t\t\t\t\t<li class=\"elementor-icon-list-item\">\n\t\t\t\t\t\t\t\t\t\t\t<span class=\"elementor-icon-list-icon\">\n\t\t\t\t\t\t\t<i aria-hidden=\"true\" class=\"fas fa-plus\"><\/i>\t\t\t\t\t\t<\/span>\n\t\t\t\t\t\t\t\t\t\t<span class=\"elementor-icon-list-text\">Release of additional production potential <\/span>\n\t\t\t\t\t\t\t\t\t<\/li>\n\t\t\t\t\t\t\t\t<li class=\"elementor-icon-list-item\">\n\t\t\t\t\t\t\t\t\t\t\t<span class=\"elementor-icon-list-icon\">\n\t\t\t\t\t\t\t<i aria-hidden=\"true\" class=\"fas fa-plus\"><\/i>\t\t\t\t\t\t<\/span>\n\t\t\t\t\t\t\t\t\t\t<span class=\"elementor-icon-list-text\">Safe and continuous production processes<\/span>\n\t\t\t\t\t\t\t\t\t<\/li>\n\t\t\t\t\t\t\t\t<li class=\"elementor-icon-list-item\">\n\t\t\t\t\t\t\t\t\t\t\t<span class=\"elementor-icon-list-icon\">\n\t\t\t\t\t\t\t<i aria-hidden=\"true\" class=\"fas fa-plus\"><\/i>\t\t\t\t\t\t<\/span>\n\t\t\t\t\t\t\t\t\t\t<span class=\"elementor-icon-list-text\">Additional flexibility<\/span>\n\t\t\t\t\t\t\t\t\t<\/li>\n\t\t\t\t\t\t\t\t<li class=\"elementor-icon-list-item\">\n\t\t\t\t\t\t\t\t\t\t\t<span class=\"elementor-icon-list-icon\">\n\t\t\t\t\t\t\t<i aria-hidden=\"true\" class=\"fas fa-plus\"><\/i>\t\t\t\t\t\t<\/span>\n\t\t\t\t\t\t\t\t\t\t<span class=\"elementor-icon-list-text\">No default risk <\/span>\n\t\t\t\t\t\t\t\t\t<\/li>\n\t\t\t\t\t\t\t\t<li class=\"elementor-icon-list-item\">\n\t\t\t\t\t\t\t\t\t\t\t<span class=\"elementor-icon-list-icon\">\n\t\t\t\t\t\t\t<i aria-hidden=\"true\" class=\"fas fa-plus\"><\/i>\t\t\t\t\t\t<\/span>\n\t\t\t\t\t\t\t\t\t\t<span class=\"elementor-icon-list-text\">Overcoming shortages with qualified specialists<\/span>\n\t\t\t\t\t\t\t\t\t<\/li>\n\t\t\t\t\t\t<\/ul>\n\t\t\t\t<\/div>\n\t\t\t\t<\/div>\n\t\t\t\t\t<\/div>\n\t\t<\/div>\n\t\t\t\t<div class=\"elementor-column elementor-col-50 elementor-inner-column elementor-element elementor-element-4fff664b dbs-img elementor-invisible\" data-id=\"4fff664b\" data-element_type=\"column\" data-settings=\"{&quot;animation&quot;:&quot;slideInLeft&quot;,&quot;animation_delay&quot;:0,&quot;background_background&quot;:&quot;classic&quot;}\">\n\t\t\t<div class=\"elementor-widget-wrap elementor-element-populated\">\n\t\t\t\t\t\t<div class=\"elementor-element elementor-element-b78f396 elementor-widget elementor-widget-spacer\" data-id=\"b78f396\" data-element_type=\"widget\" data-widget_type=\"spacer.default\">\n\t\t\t\t<div class=\"elementor-widget-container\">\n\t\t\t\t\t<div class=\"elementor-spacer\">\n\t\t\t<div class=\"elementor-spacer-inner\"><\/div>\n\t\t<\/div>\n\t\t\t\t<\/div>\n\t\t\t\t<\/div>\n\t\t\t\t\t<\/div>\n\t\t<\/div>\n\t\t\t\t\t<\/div>\n\t\t<\/section>\n\t\t\t\t\t<\/div>\n\t\t<\/div>\n\t\t\t\t\t<\/div>\n\t\t<\/section>\n\t\t\t\t<section class=\"elementor-section elementor-top-section elementor-element elementor-element-3d9068d elementor-section-content-middle elementor-section-boxed elementor-section-height-default elementor-section-height-default\" data-id=\"3d9068d\" data-element_type=\"section\">\n\t\t\t\t\t\t<div class=\"elementor-container elementor-column-gap-default\">\n\t\t\t\t\t<div class=\"elementor-column elementor-col-100 elementor-top-column elementor-element elementor-element-f2abf0c\" data-id=\"f2abf0c\" data-element_type=\"column\">\n\t\t\t<div class=\"elementor-widget-wrap elementor-element-populated\">\n\t\t\t\t\t\t<div class=\"elementor-element elementor-element-4c9f1d0 elementor-align-center fs-btn elementor-widget elementor-widget-button\" data-id=\"4c9f1d0\" data-element_type=\"widget\" data-widget_type=\"button.default\">\n\t\t\t\t<div class=\"elementor-widget-container\">\n\t\t\t\t\t<div class=\"elementor-button-wrapper\">\n\t\t\t<a class=\"elementor-button elementor-button-link elementor-size-sm\" href=\"https:\/\/fsplus.nimm3.eu\/en\/service\/industrial-support\/\">\n\t\t\t\t\t\t<span class=\"elementor-button-content-wrapper\">\n\t\t\t\t\t\t<span class=\"elementor-button-icon\">\n\t\t\t\t<i aria-hidden=\"true\" class=\"fas fa-arrow-left\"><\/i>\t\t\t<\/span>\n\t\t\t\t\t\t\t\t\t<span class=\"elementor-button-text\">All our services on the subject of Industrial Support<\/span>\n\t\t\t\t\t<\/span>\n\t\t\t\t\t<\/a>\n\t\t<\/div>\n\t\t\t\t<\/div>\n\t\t\t\t<\/div>\n\t\t\t\t\t<\/div>\n\t\t<\/div>\n\t\t\t\t\t<\/div>\n\t\t<\/section>\n\t\t\t\t<\/div>\n\t\t","protected":false},"excerpt":{"rendered":"<p>Why are industrial packagings important? Great things have already been achieved with the completion of a product. Packaging and protective measures are still required for further use. They represent an indispensable part of the modern transport chain for both national and international exchange of goods. The variety of goods and transports with special conditions for [&hellip;]<\/p>\n","protected":false},"author":2,"featured_media":558,"parent":5620,"menu_order":8,"comment_status":"closed","ping_status":"closed","template":"","meta":{"footnotes":""},"acf":[],"yoast_head":"<!-- This site is optimized with the Yoast SEO plugin v21.4 - https:\/\/yoast.com\/wordpress\/plugins\/seo\/ -->\n<title>Industrial Packaging - Fluid Service Plus - Mehr Qualit\u00e4t.<\/title>\n<meta name=\"robots\" content=\"noindex, follow, max-snippet:-1, max-image-preview:large, max-video-preview:-1\" \/>\n<meta property=\"og:locale\" content=\"en_US\" \/>\n<meta property=\"og:type\" content=\"article\" \/>\n<meta property=\"og:title\" content=\"Industrial Packaging - Fluid Service Plus - Mehr Qualit\u00e4t.\" \/>\n<meta property=\"og:description\" content=\"Why are industrial packagings important? Great things have already been achieved with the completion of a product. Packaging and protective measures are still required for further use. They represent an indispensable part of the modern transport chain for both national and international exchange of goods. The variety of goods and transports with special conditions for [&hellip;]\" \/>\n<meta property=\"og:url\" content=\"https:\/\/fsplus.nimm3.eu\/en\/service\/industrial-support\/industrial-packaging\/\" \/>\n<meta property=\"og:site_name\" content=\"Fluid Service Plus - Mehr Qualit\u00e4t.\" \/>\n<meta property=\"article:publisher\" content=\"https:\/\/www.facebook.com\/Fluid-Service-Plus-GmbH-393781057359889\/\" \/>\n<meta property=\"article:modified_time\" content=\"2022-05-23T09:10:56+00:00\" \/>\n<meta property=\"og:image\" content=\"https:\/\/fsplus.nimm3.eu\/wp-content\/uploads\/2022\/04\/09-Industrieverpackungen.jpeg\" \/>\n\t<meta property=\"og:image:width\" content=\"1670\" \/>\n\t<meta property=\"og:image:height\" content=\"600\" \/>\n\t<meta property=\"og:image:type\" content=\"image\/jpeg\" \/>\n<meta name=\"twitter:card\" content=\"summary_large_image\" \/>\n<meta name=\"twitter:label1\" content=\"Est. reading time\" \/>\n\t<meta name=\"twitter:data1\" content=\"1 minute\" \/>\n<script type=\"application\/ld+json\" class=\"yoast-schema-graph\">{\"@context\":\"https:\/\/schema.org\",\"@graph\":[{\"@type\":\"WebPage\",\"@id\":\"https:\/\/fsplus.nimm3.eu\/en\/service\/industrial-support\/industrial-packaging\/\",\"url\":\"https:\/\/fsplus.nimm3.eu\/en\/service\/industrial-support\/industrial-packaging\/\",\"name\":\"Industrial Packaging - Fluid Service Plus - Mehr Qualit\u00e4t.\",\"isPartOf\":{\"@id\":\"https:\/\/fsplus.nimm3.eu\/#website\"},\"datePublished\":\"2022-04-08T09:30:25+00:00\",\"dateModified\":\"2022-05-23T09:10:56+00:00\",\"breadcrumb\":{\"@id\":\"https:\/\/fsplus.nimm3.eu\/en\/service\/industrial-support\/industrial-packaging\/#breadcrumb\"},\"inLanguage\":\"en-US\",\"potentialAction\":[{\"@type\":\"ReadAction\",\"target\":[\"https:\/\/fsplus.nimm3.eu\/en\/service\/industrial-support\/industrial-packaging\/\"]}]},{\"@type\":\"BreadcrumbList\",\"@id\":\"https:\/\/fsplus.nimm3.eu\/en\/service\/industrial-support\/industrial-packaging\/#breadcrumb\",\"itemListElement\":[{\"@type\":\"ListItem\",\"position\":1,\"name\":\"Startseite\",\"item\":\"https:\/\/fsplus.nimm3.eu\/en\/\"},{\"@type\":\"ListItem\",\"position\":2,\"name\":\"Service\",\"item\":\"https:\/\/fsplus.nimm3.eu\/en\/service\/\"},{\"@type\":\"ListItem\",\"position\":3,\"name\":\"Industrial Support\",\"item\":\"https:\/\/fsplus.nimm3.eu\/en\/service\/industrial-support\/\"},{\"@type\":\"ListItem\",\"position\":4,\"name\":\"Industrial Packaging\"}]},{\"@type\":\"WebSite\",\"@id\":\"https:\/\/fsplus.nimm3.eu\/#website\",\"url\":\"https:\/\/fsplus.nimm3.eu\/\",\"name\":\"Fluid Service Plus - Mehr Qualit\u00e4t. Mehr Zuverl\u00e4ssigkeit.\",\"description\":\"FS Plus ist Anbieter f\u00fcr industrielle Dienstleistungen und setzt sich aus Bereichen wie Fluid Management, Industriereinigung und \u00d6lservice zusammen.\",\"publisher\":{\"@id\":\"https:\/\/fsplus.nimm3.eu\/#organization\"},\"potentialAction\":[{\"@type\":\"SearchAction\",\"target\":{\"@type\":\"EntryPoint\",\"urlTemplate\":\"https:\/\/fsplus.nimm3.eu\/?s={search_term_string}\"},\"query-input\":\"required name=search_term_string\"}],\"inLanguage\":\"en-US\"},{\"@type\":\"Organization\",\"@id\":\"https:\/\/fsplus.nimm3.eu\/#organization\",\"name\":\"Fluid Service Plus GmbH\",\"url\":\"https:\/\/fsplus.nimm3.eu\/\",\"logo\":{\"@type\":\"ImageObject\",\"inLanguage\":\"en-US\",\"@id\":\"https:\/\/fsplus.nimm3.eu\/#\/schema\/logo\/image\/\",\"url\":\"https:\/\/fsplus.nimm3.eu\/wp-content\/uploads\/2022\/03\/fs-plus-logo-full.svg\",\"contentUrl\":\"https:\/\/fsplus.nimm3.eu\/wp-content\/uploads\/2022\/03\/fs-plus-logo-full.svg\",\"width\":162,\"height\":41,\"caption\":\"Fluid Service Plus GmbH\"},\"image\":{\"@id\":\"https:\/\/fsplus.nimm3.eu\/#\/schema\/logo\/image\/\"},\"sameAs\":[\"https:\/\/www.facebook.com\/Fluid-Service-Plus-GmbH-393781057359889\/\",\"https:\/\/www.linkedin.com\/company\/fluidserviceplus\/\",\"https:\/\/www.xing.com\/companies\/fluidserviceplusgmbh\"]}]}<\/script>\n<!-- \/ Yoast SEO plugin. -->","yoast_head_json":{"title":"Industrial Packaging - Fluid Service Plus - Mehr Qualit\u00e4t.","robots":{"index":"noindex","follow":"follow","max-snippet":"max-snippet:-1","max-image-preview":"max-image-preview:large","max-video-preview":"max-video-preview:-1"},"og_locale":"en_US","og_type":"article","og_title":"Industrial Packaging - Fluid Service Plus - Mehr Qualit\u00e4t.","og_description":"Why are industrial packagings important? Great things have already been achieved with the completion of a product. Packaging and protective measures are still required for further use. They represent an indispensable part of the modern transport chain for both national and international exchange of goods. The variety of goods and transports with special conditions for [&hellip;]","og_url":"https:\/\/fsplus.nimm3.eu\/en\/service\/industrial-support\/industrial-packaging\/","og_site_name":"Fluid Service Plus - Mehr Qualit\u00e4t.","article_publisher":"https:\/\/www.facebook.com\/Fluid-Service-Plus-GmbH-393781057359889\/","article_modified_time":"2022-05-23T09:10:56+00:00","og_image":[{"width":1670,"height":600,"url":"https:\/\/fsplus.nimm3.eu\/wp-content\/uploads\/2022\/04\/09-Industrieverpackungen.jpeg","type":"image\/jpeg"}],"twitter_card":"summary_large_image","twitter_misc":{"Est. reading time":"1 minute"},"schema":{"@context":"https:\/\/schema.org","@graph":[{"@type":"WebPage","@id":"https:\/\/fsplus.nimm3.eu\/en\/service\/industrial-support\/industrial-packaging\/","url":"https:\/\/fsplus.nimm3.eu\/en\/service\/industrial-support\/industrial-packaging\/","name":"Industrial Packaging - Fluid Service Plus - Mehr Qualit\u00e4t.","isPartOf":{"@id":"https:\/\/fsplus.nimm3.eu\/#website"},"datePublished":"2022-04-08T09:30:25+00:00","dateModified":"2022-05-23T09:10:56+00:00","breadcrumb":{"@id":"https:\/\/fsplus.nimm3.eu\/en\/service\/industrial-support\/industrial-packaging\/#breadcrumb"},"inLanguage":"en-US","potentialAction":[{"@type":"ReadAction","target":["https:\/\/fsplus.nimm3.eu\/en\/service\/industrial-support\/industrial-packaging\/"]}]},{"@type":"BreadcrumbList","@id":"https:\/\/fsplus.nimm3.eu\/en\/service\/industrial-support\/industrial-packaging\/#breadcrumb","itemListElement":[{"@type":"ListItem","position":1,"name":"Startseite","item":"https:\/\/fsplus.nimm3.eu\/en\/"},{"@type":"ListItem","position":2,"name":"Service","item":"https:\/\/fsplus.nimm3.eu\/en\/service\/"},{"@type":"ListItem","position":3,"name":"Industrial Support","item":"https:\/\/fsplus.nimm3.eu\/en\/service\/industrial-support\/"},{"@type":"ListItem","position":4,"name":"Industrial Packaging"}]},{"@type":"WebSite","@id":"https:\/\/fsplus.nimm3.eu\/#website","url":"https:\/\/fsplus.nimm3.eu\/","name":"Fluid Service Plus - Mehr Qualit\u00e4t. Mehr Zuverl\u00e4ssigkeit.","description":"FS Plus ist Anbieter f\u00fcr industrielle Dienstleistungen und setzt sich aus Bereichen wie Fluid Management, Industriereinigung und \u00d6lservice zusammen.","publisher":{"@id":"https:\/\/fsplus.nimm3.eu\/#organization"},"potentialAction":[{"@type":"SearchAction","target":{"@type":"EntryPoint","urlTemplate":"https:\/\/fsplus.nimm3.eu\/?s={search_term_string}"},"query-input":"required name=search_term_string"}],"inLanguage":"en-US"},{"@type":"Organization","@id":"https:\/\/fsplus.nimm3.eu\/#organization","name":"Fluid Service Plus GmbH","url":"https:\/\/fsplus.nimm3.eu\/","logo":{"@type":"ImageObject","inLanguage":"en-US","@id":"https:\/\/fsplus.nimm3.eu\/#\/schema\/logo\/image\/","url":"https:\/\/fsplus.nimm3.eu\/wp-content\/uploads\/2022\/03\/fs-plus-logo-full.svg","contentUrl":"https:\/\/fsplus.nimm3.eu\/wp-content\/uploads\/2022\/03\/fs-plus-logo-full.svg","width":162,"height":41,"caption":"Fluid Service Plus GmbH"},"image":{"@id":"https:\/\/fsplus.nimm3.eu\/#\/schema\/logo\/image\/"},"sameAs":["https:\/\/www.facebook.com\/Fluid-Service-Plus-GmbH-393781057359889\/","https:\/\/www.linkedin.com\/company\/fluidserviceplus\/","https:\/\/www.xing.com\/companies\/fluidserviceplusgmbh"]}]}},"_links":{"self":[{"href":"https:\/\/fsplus.nimm3.eu\/en\/wp-json\/wp\/v2\/pages\/5662"}],"collection":[{"href":"https:\/\/fsplus.nimm3.eu\/en\/wp-json\/wp\/v2\/pages"}],"about":[{"href":"https:\/\/fsplus.nimm3.eu\/en\/wp-json\/wp\/v2\/types\/page"}],"author":[{"embeddable":true,"href":"https:\/\/fsplus.nimm3.eu\/en\/wp-json\/wp\/v2\/users\/2"}],"replies":[{"embeddable":true,"href":"https:\/\/fsplus.nimm3.eu\/en\/wp-json\/wp\/v2\/comments?post=5662"}],"version-history":[{"count":5,"href":"https:\/\/fsplus.nimm3.eu\/en\/wp-json\/wp\/v2\/pages\/5662\/revisions"}],"predecessor-version":[{"id":8838,"href":"https:\/\/fsplus.nimm3.eu\/en\/wp-json\/wp\/v2\/pages\/5662\/revisions\/8838"}],"up":[{"embeddable":true,"href":"https:\/\/fsplus.nimm3.eu\/en\/wp-json\/wp\/v2\/pages\/5620"}],"wp:featuredmedia":[{"embeddable":true,"href":"https:\/\/fsplus.nimm3.eu\/en\/wp-json\/wp\/v2\/media\/558"}],"wp:attachment":[{"href":"https:\/\/fsplus.nimm3.eu\/en\/wp-json\/wp\/v2\/media?parent=5662"}],"curies":[{"name":"wp","href":"https:\/\/api.w.org\/{rel}","templated":true}]}}