{"id":5702,"date":"2022-04-08T13:16:59","date_gmt":"2022-04-08T11:16:59","guid":{"rendered":"https:\/\/fsplus.nimm3.eu\/service\/industrial-consulting\/engineering\/"},"modified":"2022-05-23T12:48:01","modified_gmt":"2022-05-23T10:48:01","slug":"engineering","status":"publish","type":"page","link":"https:\/\/fsplus.nimm3.eu\/en\/service\/industrial-consulting\/engineering\/","title":{"rendered":"Engineering"},"content":{"rendered":"\t\t<div data-elementor-type=\"wp-page\" data-elementor-id=\"5702\" class=\"elementor elementor-5702 elementor-1761\" data-elementor-post-type=\"page\">\n\t\t\t\t\t\t<section class=\"elementor-section elementor-top-section elementor-element elementor-element-443400a8 elementor-section-boxed elementor-section-height-default elementor-section-height-default\" data-id=\"443400a8\" data-element_type=\"section\">\n\t\t\t\t\t\t<div class=\"elementor-container elementor-column-gap-default\">\n\t\t\t\t\t<div class=\"elementor-column elementor-col-100 elementor-top-column elementor-element elementor-element-57a55d61\" data-id=\"57a55d61\" data-element_type=\"column\">\n\t\t\t<div class=\"elementor-widget-wrap elementor-element-populated\">\n\t\t\t\t\t\t<div class=\"elementor-element elementor-element-ba3f380 elementor-widget elementor-widget-heading\" data-id=\"ba3f380\" data-element_type=\"widget\" data-widget_type=\"heading.default\">\n\t\t\t\t<div class=\"elementor-widget-container\">\n\t\t\t<h2 class=\"elementor-heading-title elementor-size-default\">Why is engineering important?<\/h2>\t\t<\/div>\n\t\t\t\t<\/div>\n\t\t\t\t<section class=\"elementor-section elementor-inner-section elementor-element elementor-element-173f7acc elementor-section-boxed elementor-section-height-default elementor-section-height-default\" data-id=\"173f7acc\" data-element_type=\"section\">\n\t\t\t\t\t\t<div class=\"elementor-container elementor-column-gap-default\">\n\t\t\t\t\t<div class=\"elementor-column elementor-col-100 elementor-inner-column elementor-element elementor-element-4c05791d\" data-id=\"4c05791d\" data-element_type=\"column\">\n\t\t\t<div class=\"elementor-widget-wrap elementor-element-populated\">\n\t\t\t\t\t\t<div class=\"elementor-element elementor-element-37e1f5d5 elementor-widget elementor-widget-text-editor\" data-id=\"37e1f5d5\" data-element_type=\"widget\" data-widget_type=\"text-editor.default\">\n\t\t\t\t<div class=\"elementor-widget-container\">\n\t\t\t\t\t\t\t<p>In the 21st century there are hardly any limits to the engineering art of machines. The planning of a new plant therefore requires a modern and individual concept. If you are planning a new plant and have questions about machine maintenance and how to monitor its condition and performance, it is nothing unusual. This is due to the fact that the requirements placed on industrial plants are as varied as the processes in which the industrial plants are used.<\/p>\t\t\t\t\t\t<\/div>\n\t\t\t\t<\/div>\n\t\t\t\t\t<\/div>\n\t\t<\/div>\n\t\t\t\t\t<\/div>\n\t\t<\/section>\n\t\t\t\t\t<\/div>\n\t\t<\/div>\n\t\t\t\t\t<\/div>\n\t\t<\/section>\n\t\t\t\t<section class=\"elementor-section elementor-top-section elementor-element elementor-element-1b747dab elementor-section-boxed elementor-section-height-default elementor-section-height-default\" data-id=\"1b747dab\" data-element_type=\"section\" data-settings=\"{&quot;background_background&quot;:&quot;classic&quot;}\">\n\t\t\t\t\t\t<div class=\"elementor-container elementor-column-gap-default\">\n\t\t\t\t\t<div class=\"elementor-column elementor-col-100 elementor-top-column elementor-element elementor-element-4afa39fc\" data-id=\"4afa39fc\" data-element_type=\"column\">\n\t\t\t<div class=\"elementor-widget-wrap elementor-element-populated\">\n\t\t\t\t\t\t<div class=\"elementor-element elementor-element-24f4939f elementor-widget elementor-widget-heading\" data-id=\"24f4939f\" data-element_type=\"widget\" data-widget_type=\"heading.default\">\n\t\t\t\t<div class=\"elementor-widget-container\">\n\t\t\t<h2 class=\"elementor-heading-title elementor-size-default\">Which tasks does FS Plus take over for you?<\/h2>\t\t<\/div>\n\t\t\t\t<\/div>\n\t\t\t\t<section class=\"elementor-section elementor-inner-section elementor-element elementor-element-4a539742 elementor-section-boxed elementor-section-height-default elementor-section-height-default\" data-id=\"4a539742\" data-element_type=\"section\">\n\t\t\t\t\t\t<div class=\"elementor-container elementor-column-gap-default\">\n\t\t\t\t\t<div class=\"elementor-column elementor-col-50 elementor-inner-column elementor-element elementor-element-57a2a797\" data-id=\"57a2a797\" data-element_type=\"column\">\n\t\t\t<div class=\"elementor-widget-wrap elementor-element-populated\">\n\t\t\t\t\t\t<div class=\"elementor-element elementor-element-5233ba4b elementor-widget elementor-widget-text-editor\" data-id=\"5233ba4b\" data-element_type=\"widget\" data-widget_type=\"text-editor.default\">\n\t\t\t\t<div class=\"elementor-widget-container\">\n\t\t\t\t\t\t\t<p>From installation to commissioning &#8211; thanks to our many years of experience and our wide range of services, we can adapt to the special requirements of each plant project. We guarantee you an individual and competent support and accompaniment in all phases of your project handling.<\/p>\t\t\t\t\t\t<\/div>\n\t\t\t\t<\/div>\n\t\t\t\t\t<\/div>\n\t\t<\/div>\n\t\t\t\t<div class=\"elementor-column elementor-col-50 elementor-inner-column elementor-element elementor-element-19cd045\" data-id=\"19cd045\" data-element_type=\"column\">\n\t\t\t<div class=\"elementor-widget-wrap elementor-element-populated\">\n\t\t\t\t\t\t<div class=\"elementor-element elementor-element-6695991e elementor-widget elementor-widget-text-editor\" data-id=\"6695991e\" data-element_type=\"widget\" data-widget_type=\"text-editor.default\">\n\t\t\t\t<div class=\"elementor-widget-container\">\n\t\t\t\t\t\t\t<div class=\"col-md-6 \"><div class=\"col-md-6 \"><div class=\"col-md-6 \"><div class=\"col-md-6 \"><div class=\"col-md-6 \"><div class=\"col-md-6 \"><p>Together we develop energy-efficient concepts to reduce energy costs and at the same time make an important contribution to environmental protection. In addition, our experts for machine safety are available to advise you at any time on request. We will be happy to support you in accordance with our QA system ISO 9001:2015 and draw up an individual requirement specification for you.<\/p><\/div><\/div><\/div><\/div><\/div><\/div>\t\t\t\t\t\t<\/div>\n\t\t\t\t<\/div>\n\t\t\t\t\t<\/div>\n\t\t<\/div>\n\t\t\t\t\t<\/div>\n\t\t<\/section>\n\t\t\t\t\t<\/div>\n\t\t<\/div>\n\t\t\t\t\t<\/div>\n\t\t<\/section>\n\t\t\t\t<section class=\"elementor-section elementor-top-section elementor-element elementor-element-3ade5bc1 elementor-section-full_width dbs-half-bg elementor-section-height-default elementor-section-height-default\" data-id=\"3ade5bc1\" data-element_type=\"section\">\n\t\t\t\t\t\t\t<div class=\"elementor-background-overlay\"><\/div>\n\t\t\t\t\t\t\t<div class=\"elementor-container elementor-column-gap-default\">\n\t\t\t\t\t<div class=\"elementor-column elementor-col-100 elementor-top-column elementor-element elementor-element-9ba9215\" data-id=\"9ba9215\" data-element_type=\"column\">\n\t\t\t<div class=\"elementor-widget-wrap elementor-element-populated\">\n\t\t\t\t\t\t<section class=\"elementor-section elementor-inner-section elementor-element elementor-element-f8830e1 elementor-section-height-min-height elementor-reverse-mobile elementor-section-boxed elementor-section-height-default\" data-id=\"f8830e1\" data-element_type=\"section\">\n\t\t\t\t\t\t<div class=\"elementor-container elementor-column-gap-default\">\n\t\t\t\t\t<div class=\"elementor-column elementor-col-50 elementor-inner-column elementor-element elementor-element-14861063 elementor-invisible\" data-id=\"14861063\" data-element_type=\"column\" data-settings=\"{&quot;animation&quot;:&quot;slideInLeft&quot;,&quot;animation_delay&quot;:0}\">\n\t\t\t<div class=\"elementor-widget-wrap elementor-element-populated\">\n\t\t\t\t\t\t<div class=\"elementor-element elementor-element-3b5a1803 elementor-widget elementor-widget-elementskit-page-list\" data-id=\"3b5a1803\" data-element_type=\"widget\" data-widget_type=\"elementskit-page-list.default\">\n\t\t\t\t<div class=\"elementor-widget-container\">\n\t\t\t<div class=\"ekit-wid-con\" >\t\t<div class=\"elementor-icon-list-items \">\n\t\t\t\t\t<\/div>\n\t\t<\/div>\t\t<\/div>\n\t\t\t\t<\/div>\n\t\t\t\t<div class=\"elementor-element elementor-element-7ee2c541 elementor-widget elementor-widget-heading\" data-id=\"7ee2c541\" data-element_type=\"widget\" data-widget_type=\"heading.default\">\n\t\t\t\t<div class=\"elementor-widget-container\">\n\t\t\t<h2 class=\"elementor-heading-title elementor-size-default\">Your benefits at a glance:<\/h2>\t\t<\/div>\n\t\t\t\t<\/div>\n\t\t\t\t<div class=\"elementor-element elementor-element-e7a36fa elementor-align-left elementor-widget__width-initial elementor-widget-tablet__width-inherit elementor-icon-list--layout-traditional elementor-list-item-link-full_width elementor-widget elementor-widget-icon-list\" data-id=\"e7a36fa\" data-element_type=\"widget\" data-widget_type=\"icon-list.default\">\n\t\t\t\t<div class=\"elementor-widget-container\">\n\t\t\t\t\t<ul class=\"elementor-icon-list-items\">\n\t\t\t\t\t\t\t<li class=\"elementor-icon-list-item\">\n\t\t\t\t\t\t\t\t\t\t\t<span class=\"elementor-icon-list-icon\">\n\t\t\t\t\t\t\t<i aria-hidden=\"true\" class=\"fas fa-plus\"><\/i>\t\t\t\t\t\t<\/span>\n\t\t\t\t\t\t\t\t\t\t<span class=\"elementor-icon-list-text\">Optimized layout planning<\/span>\n\t\t\t\t\t\t\t\t\t<\/li>\n\t\t\t\t\t\t\t\t<li class=\"elementor-icon-list-item\">\n\t\t\t\t\t\t\t\t\t\t\t<span class=\"elementor-icon-list-icon\">\n\t\t\t\t\t\t\t<i aria-hidden=\"true\" class=\"fas fa-plus\"><\/i>\t\t\t\t\t\t<\/span>\n\t\t\t\t\t\t\t\t\t\t<span class=\"elementor-icon-list-text\">Competent support during approval procedures<\/span>\n\t\t\t\t\t\t\t\t\t<\/li>\n\t\t\t\t\t\t\t\t<li class=\"elementor-icon-list-item\">\n\t\t\t\t\t\t\t\t\t\t\t<span class=\"elementor-icon-list-icon\">\n\t\t\t\t\t\t\t<i aria-hidden=\"true\" class=\"fas fa-plus\"><\/i>\t\t\t\t\t\t<\/span>\n\t\t\t\t\t\t\t\t\t\t<span class=\"elementor-icon-list-text\">Pointed coordination of commissioning and plant tests<\/span>\n\t\t\t\t\t\t\t\t\t<\/li>\n\t\t\t\t\t\t\t\t<li class=\"elementor-icon-list-item\">\n\t\t\t\t\t\t\t\t\t\t\t<span class=\"elementor-icon-list-icon\">\n\t\t\t\t\t\t\t<i aria-hidden=\"true\" class=\"fas fa-plus\"><\/i>\t\t\t\t\t\t<\/span>\n\t\t\t\t\t\t\t\t\t\t<span class=\"elementor-icon-list-text\">Professional and at the same time competent approvals, performance tests and plant handovers<\/span>\n\t\t\t\t\t\t\t\t\t<\/li>\n\t\t\t\t\t\t\t\t<li class=\"elementor-icon-list-item\">\n\t\t\t\t\t\t\t\t\t\t\t<span class=\"elementor-icon-list-icon\">\n\t\t\t\t\t\t\t<i aria-hidden=\"true\" class=\"fas fa-plus\"><\/i>\t\t\t\t\t\t<\/span>\n\t\t\t\t\t\t\t\t\t\t<span class=\"elementor-icon-list-text\">Increased quality and safety management<\/span>\n\t\t\t\t\t\t\t\t\t<\/li>\n\t\t\t\t\t\t<\/ul>\n\t\t\t\t<\/div>\n\t\t\t\t<\/div>\n\t\t\t\t\t<\/div>\n\t\t<\/div>\n\t\t\t\t<div class=\"elementor-column elementor-col-50 elementor-inner-column elementor-element elementor-element-26ef22cf dbs-img elementor-invisible\" data-id=\"26ef22cf\" data-element_type=\"column\" data-settings=\"{&quot;animation&quot;:&quot;slideInLeft&quot;,&quot;animation_delay&quot;:0,&quot;background_background&quot;:&quot;classic&quot;}\">\n\t\t\t<div class=\"elementor-widget-wrap elementor-element-populated\">\n\t\t\t\t\t\t<div class=\"elementor-element elementor-element-3edbdaa3 elementor-widget elementor-widget-spacer\" data-id=\"3edbdaa3\" data-element_type=\"widget\" data-widget_type=\"spacer.default\">\n\t\t\t\t<div class=\"elementor-widget-container\">\n\t\t\t\t\t<div class=\"elementor-spacer\">\n\t\t\t<div class=\"elementor-spacer-inner\"><\/div>\n\t\t<\/div>\n\t\t\t\t<\/div>\n\t\t\t\t<\/div>\n\t\t\t\t\t<\/div>\n\t\t<\/div>\n\t\t\t\t\t<\/div>\n\t\t<\/section>\n\t\t\t\t\t<\/div>\n\t\t<\/div>\n\t\t\t\t\t<\/div>\n\t\t<\/section>\n\t\t\t\t<section class=\"elementor-section elementor-top-section elementor-element elementor-element-e5c26c9 elementor-section-content-middle elementor-section-boxed elementor-section-height-default elementor-section-height-default\" data-id=\"e5c26c9\" data-element_type=\"section\">\n\t\t\t\t\t\t<div class=\"elementor-container elementor-column-gap-default\">\n\t\t\t\t\t<div class=\"elementor-column elementor-col-100 elementor-top-column elementor-element elementor-element-d3075b4\" data-id=\"d3075b4\" data-element_type=\"column\">\n\t\t\t<div class=\"elementor-widget-wrap elementor-element-populated\">\n\t\t\t\t\t\t<div class=\"elementor-element elementor-element-e4d7b1a elementor-align-center fs-btn elementor-widget elementor-widget-button\" data-id=\"e4d7b1a\" data-element_type=\"widget\" data-widget_type=\"button.default\">\n\t\t\t\t<div class=\"elementor-widget-container\">\n\t\t\t\t\t<div class=\"elementor-button-wrapper\">\n\t\t\t<a class=\"elementor-button elementor-button-link elementor-size-sm\" href=\"https:\/\/fsplus.nimm3.eu\/en\/service\/industrial-consulting\/\">\n\t\t\t\t\t\t<span class=\"elementor-button-content-wrapper\">\n\t\t\t\t\t\t<span class=\"elementor-button-icon\">\n\t\t\t\t<i aria-hidden=\"true\" class=\"fas fa-arrow-left\"><\/i>\t\t\t<\/span>\n\t\t\t\t\t\t\t\t\t<span class=\"elementor-button-text\">All our services on the subject of Industrial Consulting<\/span>\n\t\t\t\t\t<\/span>\n\t\t\t\t\t<\/a>\n\t\t<\/div>\n\t\t\t\t<\/div>\n\t\t\t\t<\/div>\n\t\t\t\t\t<\/div>\n\t\t<\/div>\n\t\t\t\t\t<\/div>\n\t\t<\/section>\n\t\t\t\t<\/div>\n\t\t","protected":false},"excerpt":{"rendered":"<p>Why is engineering important? In the 21st century there are hardly any limits to the engineering art of machines. The planning of a new plant therefore requires a modern and individual concept. If you are planning a new plant and have questions about machine maintenance and how to monitor its condition and performance, it is [&hellip;]<\/p>\n","protected":false},"author":2,"featured_media":643,"parent":5696,"menu_order":2,"comment_status":"closed","ping_status":"closed","template":"","meta":{"footnotes":""},"acf":[],"yoast_head":"<!-- This site is optimized with the Yoast SEO plugin v21.4 - https:\/\/yoast.com\/wordpress\/plugins\/seo\/ -->\n<title>Engineering - Fluid Service Plus - Mehr Qualit\u00e4t.<\/title>\n<meta name=\"robots\" content=\"noindex, follow, max-snippet:-1, max-image-preview:large, max-video-preview:-1\" \/>\n<meta property=\"og:locale\" content=\"en_US\" \/>\n<meta property=\"og:type\" content=\"article\" \/>\n<meta property=\"og:title\" content=\"Engineering - Fluid Service Plus - Mehr Qualit\u00e4t.\" \/>\n<meta property=\"og:description\" content=\"Why is engineering important? In the 21st century there are hardly any limits to the engineering art of machines. The planning of a new plant therefore requires a modern and individual concept. If you are planning a new plant and have questions about machine maintenance and how to monitor its condition and performance, it is [&hellip;]\" \/>\n<meta property=\"og:url\" content=\"https:\/\/fsplus.nimm3.eu\/en\/service\/industrial-consulting\/engineering\/\" \/>\n<meta property=\"og:site_name\" content=\"Fluid Service Plus - Mehr Qualit\u00e4t.\" \/>\n<meta property=\"article:publisher\" content=\"https:\/\/www.facebook.com\/Fluid-Service-Plus-GmbH-393781057359889\/\" \/>\n<meta property=\"article:modified_time\" content=\"2022-05-23T10:48:01+00:00\" \/>\n<meta property=\"og:image\" content=\"https:\/\/fsplus.nimm3.eu\/wp-content\/uploads\/2022\/04\/03-Engineering.jpeg\" \/>\n\t<meta property=\"og:image:width\" content=\"1670\" \/>\n\t<meta property=\"og:image:height\" content=\"600\" \/>\n\t<meta property=\"og:image:type\" content=\"image\/jpeg\" \/>\n<meta name=\"twitter:card\" content=\"summary_large_image\" \/>\n<meta name=\"twitter:label1\" content=\"Est. reading time\" \/>\n\t<meta name=\"twitter:data1\" content=\"1 minute\" \/>\n<script type=\"application\/ld+json\" class=\"yoast-schema-graph\">{\"@context\":\"https:\/\/schema.org\",\"@graph\":[{\"@type\":\"WebPage\",\"@id\":\"https:\/\/fsplus.nimm3.eu\/en\/service\/industrial-consulting\/engineering\/\",\"url\":\"https:\/\/fsplus.nimm3.eu\/en\/service\/industrial-consulting\/engineering\/\",\"name\":\"Engineering - Fluid Service Plus - Mehr Qualit\u00e4t.\",\"isPartOf\":{\"@id\":\"https:\/\/fsplus.nimm3.eu\/#website\"},\"datePublished\":\"2022-04-08T11:16:59+00:00\",\"dateModified\":\"2022-05-23T10:48:01+00:00\",\"breadcrumb\":{\"@id\":\"https:\/\/fsplus.nimm3.eu\/en\/service\/industrial-consulting\/engineering\/#breadcrumb\"},\"inLanguage\":\"en-US\",\"potentialAction\":[{\"@type\":\"ReadAction\",\"target\":[\"https:\/\/fsplus.nimm3.eu\/en\/service\/industrial-consulting\/engineering\/\"]}]},{\"@type\":\"BreadcrumbList\",\"@id\":\"https:\/\/fsplus.nimm3.eu\/en\/service\/industrial-consulting\/engineering\/#breadcrumb\",\"itemListElement\":[{\"@type\":\"ListItem\",\"position\":1,\"name\":\"Startseite\",\"item\":\"https:\/\/fsplus.nimm3.eu\/en\/\"},{\"@type\":\"ListItem\",\"position\":2,\"name\":\"Service\",\"item\":\"https:\/\/fsplus.nimm3.eu\/en\/service\/\"},{\"@type\":\"ListItem\",\"position\":3,\"name\":\"Industrial Consulting\",\"item\":\"https:\/\/fsplus.nimm3.eu\/en\/service\/industrial-consulting\/\"},{\"@type\":\"ListItem\",\"position\":4,\"name\":\"Engineering\"}]},{\"@type\":\"WebSite\",\"@id\":\"https:\/\/fsplus.nimm3.eu\/#website\",\"url\":\"https:\/\/fsplus.nimm3.eu\/\",\"name\":\"Fluid Service Plus - Mehr Qualit\u00e4t. Mehr Zuverl\u00e4ssigkeit.\",\"description\":\"FS Plus ist Anbieter f\u00fcr industrielle Dienstleistungen und setzt sich aus Bereichen wie Fluid Management, Industriereinigung und \u00d6lservice zusammen.\",\"publisher\":{\"@id\":\"https:\/\/fsplus.nimm3.eu\/#organization\"},\"potentialAction\":[{\"@type\":\"SearchAction\",\"target\":{\"@type\":\"EntryPoint\",\"urlTemplate\":\"https:\/\/fsplus.nimm3.eu\/?s={search_term_string}\"},\"query-input\":\"required name=search_term_string\"}],\"inLanguage\":\"en-US\"},{\"@type\":\"Organization\",\"@id\":\"https:\/\/fsplus.nimm3.eu\/#organization\",\"name\":\"Fluid Service Plus GmbH\",\"url\":\"https:\/\/fsplus.nimm3.eu\/\",\"logo\":{\"@type\":\"ImageObject\",\"inLanguage\":\"en-US\",\"@id\":\"https:\/\/fsplus.nimm3.eu\/#\/schema\/logo\/image\/\",\"url\":\"https:\/\/fsplus.nimm3.eu\/wp-content\/uploads\/2022\/03\/fs-plus-logo-full.svg\",\"contentUrl\":\"https:\/\/fsplus.nimm3.eu\/wp-content\/uploads\/2022\/03\/fs-plus-logo-full.svg\",\"width\":162,\"height\":41,\"caption\":\"Fluid Service Plus GmbH\"},\"image\":{\"@id\":\"https:\/\/fsplus.nimm3.eu\/#\/schema\/logo\/image\/\"},\"sameAs\":[\"https:\/\/www.facebook.com\/Fluid-Service-Plus-GmbH-393781057359889\/\",\"https:\/\/www.linkedin.com\/company\/fluidserviceplus\/\",\"https:\/\/www.xing.com\/companies\/fluidserviceplusgmbh\"]}]}<\/script>\n<!-- \/ Yoast SEO plugin. -->","yoast_head_json":{"title":"Engineering - Fluid Service Plus - Mehr Qualit\u00e4t.","robots":{"index":"noindex","follow":"follow","max-snippet":"max-snippet:-1","max-image-preview":"max-image-preview:large","max-video-preview":"max-video-preview:-1"},"og_locale":"en_US","og_type":"article","og_title":"Engineering - Fluid Service Plus - Mehr Qualit\u00e4t.","og_description":"Why is engineering important? In the 21st century there are hardly any limits to the engineering art of machines. The planning of a new plant therefore requires a modern and individual concept. If you are planning a new plant and have questions about machine maintenance and how to monitor its condition and performance, it is [&hellip;]","og_url":"https:\/\/fsplus.nimm3.eu\/en\/service\/industrial-consulting\/engineering\/","og_site_name":"Fluid Service Plus - Mehr Qualit\u00e4t.","article_publisher":"https:\/\/www.facebook.com\/Fluid-Service-Plus-GmbH-393781057359889\/","article_modified_time":"2022-05-23T10:48:01+00:00","og_image":[{"width":1670,"height":600,"url":"https:\/\/fsplus.nimm3.eu\/wp-content\/uploads\/2022\/04\/03-Engineering.jpeg","type":"image\/jpeg"}],"twitter_card":"summary_large_image","twitter_misc":{"Est. reading time":"1 minute"},"schema":{"@context":"https:\/\/schema.org","@graph":[{"@type":"WebPage","@id":"https:\/\/fsplus.nimm3.eu\/en\/service\/industrial-consulting\/engineering\/","url":"https:\/\/fsplus.nimm3.eu\/en\/service\/industrial-consulting\/engineering\/","name":"Engineering - Fluid Service Plus - Mehr Qualit\u00e4t.","isPartOf":{"@id":"https:\/\/fsplus.nimm3.eu\/#website"},"datePublished":"2022-04-08T11:16:59+00:00","dateModified":"2022-05-23T10:48:01+00:00","breadcrumb":{"@id":"https:\/\/fsplus.nimm3.eu\/en\/service\/industrial-consulting\/engineering\/#breadcrumb"},"inLanguage":"en-US","potentialAction":[{"@type":"ReadAction","target":["https:\/\/fsplus.nimm3.eu\/en\/service\/industrial-consulting\/engineering\/"]}]},{"@type":"BreadcrumbList","@id":"https:\/\/fsplus.nimm3.eu\/en\/service\/industrial-consulting\/engineering\/#breadcrumb","itemListElement":[{"@type":"ListItem","position":1,"name":"Startseite","item":"https:\/\/fsplus.nimm3.eu\/en\/"},{"@type":"ListItem","position":2,"name":"Service","item":"https:\/\/fsplus.nimm3.eu\/en\/service\/"},{"@type":"ListItem","position":3,"name":"Industrial Consulting","item":"https:\/\/fsplus.nimm3.eu\/en\/service\/industrial-consulting\/"},{"@type":"ListItem","position":4,"name":"Engineering"}]},{"@type":"WebSite","@id":"https:\/\/fsplus.nimm3.eu\/#website","url":"https:\/\/fsplus.nimm3.eu\/","name":"Fluid Service Plus - Mehr Qualit\u00e4t. Mehr Zuverl\u00e4ssigkeit.","description":"FS Plus ist Anbieter f\u00fcr industrielle Dienstleistungen und setzt sich aus Bereichen wie Fluid Management, Industriereinigung und \u00d6lservice zusammen.","publisher":{"@id":"https:\/\/fsplus.nimm3.eu\/#organization"},"potentialAction":[{"@type":"SearchAction","target":{"@type":"EntryPoint","urlTemplate":"https:\/\/fsplus.nimm3.eu\/?s={search_term_string}"},"query-input":"required name=search_term_string"}],"inLanguage":"en-US"},{"@type":"Organization","@id":"https:\/\/fsplus.nimm3.eu\/#organization","name":"Fluid Service Plus GmbH","url":"https:\/\/fsplus.nimm3.eu\/","logo":{"@type":"ImageObject","inLanguage":"en-US","@id":"https:\/\/fsplus.nimm3.eu\/#\/schema\/logo\/image\/","url":"https:\/\/fsplus.nimm3.eu\/wp-content\/uploads\/2022\/03\/fs-plus-logo-full.svg","contentUrl":"https:\/\/fsplus.nimm3.eu\/wp-content\/uploads\/2022\/03\/fs-plus-logo-full.svg","width":162,"height":41,"caption":"Fluid Service Plus GmbH"},"image":{"@id":"https:\/\/fsplus.nimm3.eu\/#\/schema\/logo\/image\/"},"sameAs":["https:\/\/www.facebook.com\/Fluid-Service-Plus-GmbH-393781057359889\/","https:\/\/www.linkedin.com\/company\/fluidserviceplus\/","https:\/\/www.xing.com\/companies\/fluidserviceplusgmbh"]}]}},"_links":{"self":[{"href":"https:\/\/fsplus.nimm3.eu\/en\/wp-json\/wp\/v2\/pages\/5702"}],"collection":[{"href":"https:\/\/fsplus.nimm3.eu\/en\/wp-json\/wp\/v2\/pages"}],"about":[{"href":"https:\/\/fsplus.nimm3.eu\/en\/wp-json\/wp\/v2\/types\/page"}],"author":[{"embeddable":true,"href":"https:\/\/fsplus.nimm3.eu\/en\/wp-json\/wp\/v2\/users\/2"}],"replies":[{"embeddable":true,"href":"https:\/\/fsplus.nimm3.eu\/en\/wp-json\/wp\/v2\/comments?post=5702"}],"version-history":[{"count":5,"href":"https:\/\/fsplus.nimm3.eu\/en\/wp-json\/wp\/v2\/pages\/5702\/revisions"}],"predecessor-version":[{"id":8982,"href":"https:\/\/fsplus.nimm3.eu\/en\/wp-json\/wp\/v2\/pages\/5702\/revisions\/8982"}],"up":[{"embeddable":true,"href":"https:\/\/fsplus.nimm3.eu\/en\/wp-json\/wp\/v2\/pages\/5696"}],"wp:featuredmedia":[{"embeddable":true,"href":"https:\/\/fsplus.nimm3.eu\/en\/wp-json\/wp\/v2\/media\/643"}],"wp:attachment":[{"href":"https:\/\/fsplus.nimm3.eu\/en\/wp-json\/wp\/v2\/media?parent=5702"}],"curies":[{"name":"wp","href":"https:\/\/api.w.org\/{rel}","templated":true}]}}