{"id":5992,"date":"2022-03-17T14:11:35","date_gmt":"2022-03-17T13:11:35","guid":{"rendered":"https:\/\/fsplus.nimm3.eu\/contact-form\/"},"modified":"2022-06-27T14:37:23","modified_gmt":"2022-06-27T12:37:23","slug":"contact-form","status":"publish","type":"page","link":"https:\/\/fsplus.nimm3.eu\/en\/contact-us\/contact-form\/","title":{"rendered":"Contact Form"},"content":{"rendered":"\t\t<div data-elementor-type=\"wp-page\" data-elementor-id=\"5992\" class=\"elementor elementor-5992 elementor-39\" data-elementor-post-type=\"page\">\n\t\t\t\t\t\t<section class=\"elementor-section elementor-top-section elementor-element elementor-element-720bcb1 elementor-section-boxed elementor-section-height-default elementor-section-height-default\" data-id=\"720bcb1\" data-element_type=\"section\">\n\t\t\t\t\t\t<div class=\"elementor-container elementor-column-gap-default\">\n\t\t\t\t\t<div class=\"elementor-column elementor-col-100 elementor-top-column elementor-element elementor-element-ca2f073\" data-id=\"ca2f073\" data-element_type=\"column\">\n\t\t\t<div class=\"elementor-widget-wrap elementor-element-populated\">\n\t\t\t\t\t\t<div class=\"elementor-element elementor-element-e2f4828 elementor-widget elementor-widget-text-editor\" data-id=\"e2f4828\" data-element_type=\"widget\" data-widget_type=\"text-editor.default\">\n\t\t\t\t<div class=\"elementor-widget-container\">\n\t\t\t\t\t\t\t<p>Do you have any questions, need support or further information?<\/p><p>Please fill out the form below and we will get back to you as soon as possible.<br>Fields marked with * are mandatory.<\/p><div class=\"shortened_begin2\"><div class=\"shortened_begin2\">We request the address so that we can forward your request internally to the appropriate area contact.<\/div><\/div>\t\t\t\t\t\t<\/div>\n\t\t\t\t<\/div>\n\t\t\t\t<section class=\"elementor-section elementor-inner-section elementor-element elementor-element-50e3f93 elementor-section-full_width elementor-section-height-default elementor-section-height-default\" data-id=\"50e3f93\" data-element_type=\"section\">\n\t\t\t\t\t\t<div class=\"elementor-container elementor-column-gap-default\">\n\t\t\t\t\t<div class=\"elementor-column elementor-col-50 elementor-inner-column elementor-element elementor-element-d4b1f06\" data-id=\"d4b1f06\" data-element_type=\"column\">\n\t\t\t<div class=\"elementor-widget-wrap elementor-element-populated\">\n\t\t\t\t\t\t<div class=\"elementor-element elementor-element-325afdf fs-btn elementor-widget elementor-widget-form\" data-id=\"325afdf\" data-element_type=\"widget\" data-settings=\"{&quot;step_next_label&quot;:&quot;Next&quot;,&quot;step_previous_label&quot;:&quot;Previous&quot;,&quot;button_width&quot;:&quot;100&quot;,&quot;step_type&quot;:&quot;number_text&quot;,&quot;step_icon_shape&quot;:&quot;circle&quot;}\" data-widget_type=\"form.default\">\n\t\t\t\t<div class=\"elementor-widget-container\">\n\t\t\t\t\t<form class=\"elementor-form\" method=\"post\" name=\"New form\">\n\t\t\t<input type=\"hidden\" name=\"post_id\" value=\"5992\"\/>\n\t\t\t<input type=\"hidden\" name=\"form_id\" value=\"325afdf\"\/>\n\t\t\t<input type=\"hidden\" name=\"referer_title\" value=\"Fluid Service Plus &#8211; Mehr Qualit\u00e4t.\" \/>\n\n\t\t\t\n\t\t\t<div class=\"elementor-form-fields-wrapper elementor-labels-above\">\n\t\t\t\t\t\t\t\t<div class=\"elementor-field-type-html elementor-field-group elementor-column elementor-field-group-field_remove elementor-col-100\">\n\t\t\t\t\t<br>\t\t\t\t<\/div>\n\t\t\t\t\t\t\t\t<div class=\"elementor-field-type-text elementor-field-group elementor-column elementor-field-group-field_b404658 elementor-col-80 elementor-md-100\">\n\t\t\t\t\t\t\t\t\t\t\t\t\t<input size=\"1\" type=\"text\" name=\"form_fields[field_b404658]\" id=\"form-field-field_b404658\" class=\"elementor-field elementor-size-xs  elementor-field-textual\" placeholder=\"Company:\">\n\t\t\t\t\t\t\t\t\t\t\t<\/div>\n\t\t\t\t\t\t\t\t<div class=\"elementor-field-type-select elementor-field-group elementor-column elementor-field-group-name elementor-col-40 elementor-md-50\">\n\t\t\t\t\t\t\t\t\t\t\t\t<label for=\"form-field-name\" class=\"elementor-field-label\">\n\t\t\t\t\t\t\t\tSalutation:\t\t\t\t\t\t\t<\/label>\n\t\t\t\t\t\t\t\t<div class=\"elementor-field elementor-select-wrapper remove-before \">\n\t\t\t<div class=\"select-caret-down-wrapper\">\n\t\t\t\t<i aria-hidden=\"true\" class=\"eicon-caret-down\"><\/i>\t\t\t<\/div>\n\t\t\t<select name=\"form_fields[name]\" id=\"form-field-name\" class=\"elementor-field-textual elementor-size-xs\">\n\t\t\t\t\t\t\t\t\t<option value=\"\"><\/option>\n\t\t\t\t\t\t\t\t\t<option value=\"Mr.\">Mr.<\/option>\n\t\t\t\t\t\t\t\t\t<option value=\"Mrs.\">Mrs.<\/option>\n\t\t\t\t\t\t\t<\/select>\n\t\t<\/div>\n\t\t\t\t\t\t<\/div>\n\t\t\t\t\t\t\t\t<div class=\"elementor-field-type-html elementor-field-group elementor-column elementor-field-group-field_c792b67 elementor-col-100\">\n\t\t\t\t\t<br>\t\t\t\t<\/div>\n\t\t\t\t\t\t\t\t<div class=\"elementor-field-type-text elementor-field-group elementor-column elementor-field-group-field_43cbf5e elementor-col-40 elementor-md-100\">\n\t\t\t\t\t\t\t\t\t\t\t\t\t<input size=\"1\" type=\"text\" name=\"form_fields[field_43cbf5e]\" id=\"form-field-field_43cbf5e\" class=\"elementor-field elementor-size-xs  elementor-field-textual\" placeholder=\"Firstname:\">\n\t\t\t\t\t\t\t\t\t\t\t<\/div>\n\t\t\t\t\t\t\t\t<div class=\"elementor-field-type-text elementor-field-group elementor-column elementor-field-group-field_f818124 elementor-col-40 elementor-md-100 elementor-field-required elementor-mark-required\">\n\t\t\t\t\t\t\t\t\t\t\t\t\t<input size=\"1\" type=\"text\" name=\"form_fields[field_f818124]\" id=\"form-field-field_f818124\" class=\"elementor-field elementor-size-xs  elementor-field-textual\" placeholder=\"Firstname: *\" required=\"required\" aria-required=\"true\">\n\t\t\t\t\t\t\t\t\t\t\t<\/div>\n\t\t\t\t\t\t\t\t<div class=\"elementor-field-type-text elementor-field-group elementor-column elementor-field-group-field_454efce elementor-col-80 elementor-md-100\">\n\t\t\t\t\t\t\t\t\t\t\t\t\t<input size=\"1\" type=\"text\" name=\"form_fields[field_454efce]\" id=\"form-field-field_454efce\" class=\"elementor-field elementor-size-xs  elementor-field-textual\" placeholder=\"Department\/Position:\">\n\t\t\t\t\t\t\t\t\t\t\t<\/div>\n\t\t\t\t\t\t\t\t<div class=\"elementor-field-type-text elementor-field-group elementor-column elementor-field-group-field_85d8edf elementor-col-40 elementor-md-100 elementor-field-required elementor-mark-required\">\n\t\t\t\t\t\t\t\t\t\t\t\t\t<input size=\"1\" type=\"text\" name=\"form_fields[field_85d8edf]\" id=\"form-field-field_85d8edf\" class=\"elementor-field elementor-size-xs  elementor-field-textual\" placeholder=\"Street: *\" required=\"required\" aria-required=\"true\">\n\t\t\t\t\t\t\t\t\t\t\t<\/div>\n\t\t\t\t\t\t\t\t<div class=\"elementor-field-type-text elementor-field-group elementor-column elementor-field-group-field_f14f33f elementor-col-40 elementor-md-100 elementor-field-required elementor-mark-required\">\n\t\t\t\t\t\t\t\t\t\t\t\t\t<input size=\"1\" type=\"text\" name=\"form_fields[field_f14f33f]\" id=\"form-field-field_f14f33f\" class=\"elementor-field elementor-size-xs  elementor-field-textual\" placeholder=\"Housenumber: *\" required=\"required\" aria-required=\"true\">\n\t\t\t\t\t\t\t\t\t\t\t<\/div>\n\t\t\t\t\t\t\t\t<div class=\"elementor-field-type-text elementor-field-group elementor-column elementor-field-group-field_24c3c7f elementor-col-40 elementor-md-100 elementor-field-required elementor-mark-required\">\n\t\t\t\t\t\t\t\t\t\t\t\t\t<input size=\"1\" type=\"text\" name=\"form_fields[field_24c3c7f]\" id=\"form-field-field_24c3c7f\" class=\"elementor-field elementor-size-xs  elementor-field-textual\" placeholder=\"Zip Code: *\" required=\"required\" aria-required=\"true\">\n\t\t\t\t\t\t\t\t\t\t\t<\/div>\n\t\t\t\t\t\t\t\t<div class=\"elementor-field-type-text elementor-field-group elementor-column elementor-field-group-field_404e5e5 elementor-col-40 elementor-md-100 elementor-field-required elementor-mark-required\">\n\t\t\t\t\t\t\t\t\t\t\t\t\t<input size=\"1\" type=\"text\" name=\"form_fields[field_404e5e5]\" id=\"form-field-field_404e5e5\" class=\"elementor-field elementor-size-xs  elementor-field-textual\" placeholder=\"City: *\" required=\"required\" aria-required=\"true\">\n\t\t\t\t\t\t\t\t\t\t\t<\/div>\n\t\t\t\t\t\t\t\t<div class=\"elementor-field-type-email elementor-field-group elementor-column elementor-field-group-email elementor-col-40 elementor-md-100 elementor-field-required elementor-mark-required\">\n\t\t\t\t\t\t\t\t\t\t\t\t\t<input size=\"1\" type=\"email\" name=\"form_fields[email]\" id=\"form-field-email\" class=\"elementor-field elementor-size-xs  elementor-field-textual\" placeholder=\"E-Mail: *\" required=\"required\" aria-required=\"true\">\n\t\t\t\t\t\t\t\t\t\t\t<\/div>\n\t\t\t\t\t\t\t\t<div class=\"elementor-field-type-tel elementor-field-group elementor-column elementor-field-group-field_680d417 elementor-col-40 elementor-md-100\">\n\t\t\t\t\t\t\t<input size=\"1\" type=\"tel\" name=\"form_fields[field_680d417]\" id=\"form-field-field_680d417\" class=\"elementor-field elementor-size-xs  elementor-field-textual\" placeholder=\"Phone:\" pattern=\"[0-9()#&amp;+*-=.]+\" title=\"Only numbers and phone characters (#, -, *, etc) are accepted.\">\n\n\t\t\t\t\t\t<\/div>\n\t\t\t\t\t\t\t\t<div class=\"elementor-field-type-textarea elementor-field-group elementor-column elementor-field-group-message elementor-col-80 elementor-md-100 elementor-field-required elementor-mark-required\">\n\t\t\t\t\t<textarea class=\"elementor-field-textual elementor-field  elementor-size-xs\" name=\"form_fields[message]\" id=\"form-field-message\" rows=\"0\" placeholder=\"Message to us: *\" required=\"required\" aria-required=\"true\"><\/textarea>\t\t\t\t<\/div>\n\t\t\t\t\t\t\t\t<div class=\"elementor-field-type-acceptance elementor-field-group elementor-column elementor-field-group-field_22e518b elementor-col-100 elementor-md-100 elementor-field-required elementor-mark-required\">\n\t\t\t\t\t\t\t<div class=\"elementor-field-subgroup\">\n\t\t\t<span class=\"elementor-field-option\">\n\t\t\t\t<input type=\"checkbox\" name=\"form_fields[field_22e518b]\" id=\"form-field-field_22e518b\" class=\"elementor-field elementor-size-xs  elementor-acceptance-field\" required=\"required\" aria-required=\"true\">\n\t\t\t\t<label for=\"form-field-field_22e518b\">Yes, I have taken note of the <a href=\"https:\/\/fsplus.nimm3.eu\/en\/privacy-policy\/\" target=\"_blank\" title=\"Privacy Policy\">privacy policy<\/a> and agree that the data provided by me will be electronically collected and stored.<br><br>\n\n<span class=\"form_span\">My data will only be used strictly for the purpose of processing and answering my request. By submitting the contact form I agree with the processing.<\/span>\n<\/label>\t\t\t<\/span>\n\t\t<\/div>\n\t\t\t\t\t\t<\/div>\n\t\t\t\t\t\t\t\t<div class=\"elementor-field-group elementor-column elementor-field-type-submit elementor-col-100 e-form__buttons\">\n\t\t\t\t\t<button type=\"submit\" class=\"elementor-button elementor-size-md\">\n\t\t\t\t\t\t<span >\n\t\t\t\t\t\t\t\t\t\t\t\t\t\t\t<span class=\"elementor-align-icon-right elementor-button-icon\">\n\t\t\t\t\t\t\t\t\t<i aria-hidden=\"true\" class=\"fas fa-arrow-right\"><\/i>\t\t\t\t\t\t\t\t\t\t\t\t\t\t\t\t\t<\/span>\n\t\t\t\t\t\t\t\t\t\t\t\t\t\t\t\t\t\t\t\t\t\t<span class=\"elementor-button-text\">Send contact request<\/span>\n\t\t\t\t\t\t\t\t\t\t\t\t\t<\/span>\n\t\t\t\t\t<\/button>\n\t\t\t\t<\/div>\n\t\t\t<\/div>\n\t\t<\/form>\n\t\t\t\t<\/div>\n\t\t\t\t<\/div>\n\t\t\t\t\t<\/div>\n\t\t<\/div>\n\t\t\t\t<div class=\"elementor-column elementor-col-50 elementor-inner-column elementor-element elementor-element-a439784\" data-id=\"a439784\" data-element_type=\"column\" data-settings=\"{&quot;background_background&quot;:&quot;classic&quot;}\">\n\t\t\t<div class=\"elementor-widget-wrap elementor-element-populated\">\n\t\t\t\t\t\t<div class=\"elementor-element elementor-element-20d47cd elementor-widget elementor-widget-text-editor\" data-id=\"20d47cd\" data-element_type=\"widget\" data-widget_type=\"text-editor.default\">\n\t\t\t\t<div class=\"elementor-widget-container\">\n\t\t\t\t\t\t\t<p><strong>Fluid Service Plus GmbH<\/strong><br>Adolf-Dembach-Stra\u00dfe 6 a<br>47829 Krefeld<\/p><p><strong>Fon <\/strong><a href=\"tel:00492151931960\">+49 2151 931960<\/a><br><strong>Fax<\/strong> <a href=\"fax:004921519319615\">+49 2151 9319615<\/a><br><strong>E-Mail <\/strong><a href=\"mailto:service@fs-plus.de\">service@<span style=\"display: none;\">get-your-addresses-elsewhere.<\/span>fs-plus.de<\/a><\/p>\t\t\t\t\t\t<\/div>\n\t\t\t\t<\/div>\n\t\t\t\t\t<\/div>\n\t\t<\/div>\n\t\t\t\t\t<\/div>\n\t\t<\/section>\n\t\t\t\t\t<\/div>\n\t\t<\/div>\n\t\t\t\t\t<\/div>\n\t\t<\/section>\n\t\t\t\t<\/div>\n\t\t","protected":false},"excerpt":{"rendered":"<p>Do you have any questions, need support or further information? Please fill out the form below and we will get back to you as soon as possible.Fields marked with * are mandatory. We request the address so that we can forward your request internally to the appropriate area contact. Fluid Service Plus GmbHAdolf-Dembach-Stra\u00dfe 6 a47829 [&hellip;]<\/p>\n","protected":false},"author":1,"featured_media":679,"parent":10049,"menu_order":1,"comment_status":"closed","ping_status":"closed","template":"","meta":{"footnotes":""},"acf":[],"yoast_head":"<!-- This site is optimized with the Yoast SEO plugin v21.4 - https:\/\/yoast.com\/wordpress\/plugins\/seo\/ -->\n<title>Contact Form - Fluid Service Plus - Mehr Qualit\u00e4t.<\/title>\n<meta name=\"robots\" content=\"noindex, follow, max-snippet:-1, max-image-preview:large, max-video-preview:-1\" \/>\n<meta property=\"og:locale\" content=\"en_US\" \/>\n<meta property=\"og:type\" content=\"article\" \/>\n<meta property=\"og:title\" content=\"Contact Form - Fluid Service Plus - Mehr Qualit\u00e4t.\" \/>\n<meta property=\"og:description\" content=\"Do you have any questions, need support or further information? Please fill out the form below and we will get back to you as soon as possible.Fields marked with * are mandatory. We request the address so that we can forward your request internally to the appropriate area contact. Fluid Service Plus GmbHAdolf-Dembach-Stra\u00dfe 6 a47829 [&hellip;]\" \/>\n<meta property=\"og:url\" content=\"https:\/\/fsplus.nimm3.eu\/en\/contact-us\/contact-form\/\" \/>\n<meta property=\"og:site_name\" content=\"Fluid Service Plus - Mehr Qualit\u00e4t.\" \/>\n<meta property=\"article:publisher\" content=\"https:\/\/www.facebook.com\/Fluid-Service-Plus-GmbH-393781057359889\/\" \/>\n<meta property=\"article:modified_time\" content=\"2022-06-27T12:37:23+00:00\" \/>\n<meta property=\"og:image\" content=\"https:\/\/fsplus.nimm3.eu\/wp-content\/uploads\/2022\/04\/01-Kontaktformular.jpeg\" \/>\n\t<meta property=\"og:image:width\" content=\"1670\" \/>\n\t<meta property=\"og:image:height\" content=\"600\" \/>\n\t<meta property=\"og:image:type\" content=\"image\/jpeg\" \/>\n<meta name=\"twitter:card\" content=\"summary_large_image\" \/>\n<script type=\"application\/ld+json\" class=\"yoast-schema-graph\">{\"@context\":\"https:\/\/schema.org\",\"@graph\":[{\"@type\":\"WebPage\",\"@id\":\"https:\/\/fsplus.nimm3.eu\/en\/contact-us\/contact-form\/\",\"url\":\"https:\/\/fsplus.nimm3.eu\/en\/contact-us\/contact-form\/\",\"name\":\"Contact Form - Fluid Service Plus - Mehr Qualit\u00e4t.\",\"isPartOf\":{\"@id\":\"https:\/\/fsplus.nimm3.eu\/#website\"},\"datePublished\":\"2022-03-17T13:11:35+00:00\",\"dateModified\":\"2022-06-27T12:37:23+00:00\",\"breadcrumb\":{\"@id\":\"https:\/\/fsplus.nimm3.eu\/en\/contact-us\/contact-form\/#breadcrumb\"},\"inLanguage\":\"en-US\",\"potentialAction\":[{\"@type\":\"ReadAction\",\"target\":[\"https:\/\/fsplus.nimm3.eu\/en\/contact-us\/contact-form\/\"]}]},{\"@type\":\"BreadcrumbList\",\"@id\":\"https:\/\/fsplus.nimm3.eu\/en\/contact-us\/contact-form\/#breadcrumb\",\"itemListElement\":[{\"@type\":\"ListItem\",\"position\":1,\"name\":\"Startseite\",\"item\":\"https:\/\/fsplus.nimm3.eu\/en\/\"},{\"@type\":\"ListItem\",\"position\":2,\"name\":\"Contact us\",\"item\":\"https:\/\/fsplus.nimm3.eu\/en\/contact-us\/\"},{\"@type\":\"ListItem\",\"position\":3,\"name\":\"Contact Form\"}]},{\"@type\":\"WebSite\",\"@id\":\"https:\/\/fsplus.nimm3.eu\/#website\",\"url\":\"https:\/\/fsplus.nimm3.eu\/\",\"name\":\"Fluid Service Plus - Mehr Qualit\u00e4t. Mehr Zuverl\u00e4ssigkeit.\",\"description\":\"FS Plus ist Anbieter f\u00fcr industrielle Dienstleistungen und setzt sich aus Bereichen wie Fluid Management, Industriereinigung und \u00d6lservice zusammen.\",\"publisher\":{\"@id\":\"https:\/\/fsplus.nimm3.eu\/#organization\"},\"potentialAction\":[{\"@type\":\"SearchAction\",\"target\":{\"@type\":\"EntryPoint\",\"urlTemplate\":\"https:\/\/fsplus.nimm3.eu\/?s={search_term_string}\"},\"query-input\":\"required name=search_term_string\"}],\"inLanguage\":\"en-US\"},{\"@type\":\"Organization\",\"@id\":\"https:\/\/fsplus.nimm3.eu\/#organization\",\"name\":\"Fluid Service Plus GmbH\",\"url\":\"https:\/\/fsplus.nimm3.eu\/\",\"logo\":{\"@type\":\"ImageObject\",\"inLanguage\":\"en-US\",\"@id\":\"https:\/\/fsplus.nimm3.eu\/#\/schema\/logo\/image\/\",\"url\":\"https:\/\/fsplus.nimm3.eu\/wp-content\/uploads\/2022\/03\/fs-plus-logo-full.svg\",\"contentUrl\":\"https:\/\/fsplus.nimm3.eu\/wp-content\/uploads\/2022\/03\/fs-plus-logo-full.svg\",\"width\":162,\"height\":41,\"caption\":\"Fluid Service Plus GmbH\"},\"image\":{\"@id\":\"https:\/\/fsplus.nimm3.eu\/#\/schema\/logo\/image\/\"},\"sameAs\":[\"https:\/\/www.facebook.com\/Fluid-Service-Plus-GmbH-393781057359889\/\",\"https:\/\/www.linkedin.com\/company\/fluidserviceplus\/\",\"https:\/\/www.xing.com\/companies\/fluidserviceplusgmbh\"]}]}<\/script>\n<!-- \/ Yoast SEO plugin. -->","yoast_head_json":{"title":"Contact Form - Fluid Service Plus - Mehr Qualit\u00e4t.","robots":{"index":"noindex","follow":"follow","max-snippet":"max-snippet:-1","max-image-preview":"max-image-preview:large","max-video-preview":"max-video-preview:-1"},"og_locale":"en_US","og_type":"article","og_title":"Contact Form - Fluid Service Plus - Mehr Qualit\u00e4t.","og_description":"Do you have any questions, need support or further information? Please fill out the form below and we will get back to you as soon as possible.Fields marked with * are mandatory. We request the address so that we can forward your request internally to the appropriate area contact. Fluid Service Plus GmbHAdolf-Dembach-Stra\u00dfe 6 a47829 [&hellip;]","og_url":"https:\/\/fsplus.nimm3.eu\/en\/contact-us\/contact-form\/","og_site_name":"Fluid Service Plus - Mehr Qualit\u00e4t.","article_publisher":"https:\/\/www.facebook.com\/Fluid-Service-Plus-GmbH-393781057359889\/","article_modified_time":"2022-06-27T12:37:23+00:00","og_image":[{"width":1670,"height":600,"url":"https:\/\/fsplus.nimm3.eu\/wp-content\/uploads\/2022\/04\/01-Kontaktformular.jpeg","type":"image\/jpeg"}],"twitter_card":"summary_large_image","schema":{"@context":"https:\/\/schema.org","@graph":[{"@type":"WebPage","@id":"https:\/\/fsplus.nimm3.eu\/en\/contact-us\/contact-form\/","url":"https:\/\/fsplus.nimm3.eu\/en\/contact-us\/contact-form\/","name":"Contact Form - Fluid Service Plus - Mehr Qualit\u00e4t.","isPartOf":{"@id":"https:\/\/fsplus.nimm3.eu\/#website"},"datePublished":"2022-03-17T13:11:35+00:00","dateModified":"2022-06-27T12:37:23+00:00","breadcrumb":{"@id":"https:\/\/fsplus.nimm3.eu\/en\/contact-us\/contact-form\/#breadcrumb"},"inLanguage":"en-US","potentialAction":[{"@type":"ReadAction","target":["https:\/\/fsplus.nimm3.eu\/en\/contact-us\/contact-form\/"]}]},{"@type":"BreadcrumbList","@id":"https:\/\/fsplus.nimm3.eu\/en\/contact-us\/contact-form\/#breadcrumb","itemListElement":[{"@type":"ListItem","position":1,"name":"Startseite","item":"https:\/\/fsplus.nimm3.eu\/en\/"},{"@type":"ListItem","position":2,"name":"Contact us","item":"https:\/\/fsplus.nimm3.eu\/en\/contact-us\/"},{"@type":"ListItem","position":3,"name":"Contact Form"}]},{"@type":"WebSite","@id":"https:\/\/fsplus.nimm3.eu\/#website","url":"https:\/\/fsplus.nimm3.eu\/","name":"Fluid Service Plus - Mehr Qualit\u00e4t. Mehr Zuverl\u00e4ssigkeit.","description":"FS Plus ist Anbieter f\u00fcr industrielle Dienstleistungen und setzt sich aus Bereichen wie Fluid Management, Industriereinigung und \u00d6lservice zusammen.","publisher":{"@id":"https:\/\/fsplus.nimm3.eu\/#organization"},"potentialAction":[{"@type":"SearchAction","target":{"@type":"EntryPoint","urlTemplate":"https:\/\/fsplus.nimm3.eu\/?s={search_term_string}"},"query-input":"required name=search_term_string"}],"inLanguage":"en-US"},{"@type":"Organization","@id":"https:\/\/fsplus.nimm3.eu\/#organization","name":"Fluid Service Plus GmbH","url":"https:\/\/fsplus.nimm3.eu\/","logo":{"@type":"ImageObject","inLanguage":"en-US","@id":"https:\/\/fsplus.nimm3.eu\/#\/schema\/logo\/image\/","url":"https:\/\/fsplus.nimm3.eu\/wp-content\/uploads\/2022\/03\/fs-plus-logo-full.svg","contentUrl":"https:\/\/fsplus.nimm3.eu\/wp-content\/uploads\/2022\/03\/fs-plus-logo-full.svg","width":162,"height":41,"caption":"Fluid Service Plus GmbH"},"image":{"@id":"https:\/\/fsplus.nimm3.eu\/#\/schema\/logo\/image\/"},"sameAs":["https:\/\/www.facebook.com\/Fluid-Service-Plus-GmbH-393781057359889\/","https:\/\/www.linkedin.com\/company\/fluidserviceplus\/","https:\/\/www.xing.com\/companies\/fluidserviceplusgmbh"]}]}},"_links":{"self":[{"href":"https:\/\/fsplus.nimm3.eu\/en\/wp-json\/wp\/v2\/pages\/5992"}],"collection":[{"href":"https:\/\/fsplus.nimm3.eu\/en\/wp-json\/wp\/v2\/pages"}],"about":[{"href":"https:\/\/fsplus.nimm3.eu\/en\/wp-json\/wp\/v2\/types\/page"}],"author":[{"embeddable":true,"href":"https:\/\/fsplus.nimm3.eu\/en\/wp-json\/wp\/v2\/users\/1"}],"replies":[{"embeddable":true,"href":"https:\/\/fsplus.nimm3.eu\/en\/wp-json\/wp\/v2\/comments?post=5992"}],"version-history":[{"count":10,"href":"https:\/\/fsplus.nimm3.eu\/en\/wp-json\/wp\/v2\/pages\/5992\/revisions"}],"predecessor-version":[{"id":10195,"href":"https:\/\/fsplus.nimm3.eu\/en\/wp-json\/wp\/v2\/pages\/5992\/revisions\/10195"}],"up":[{"embeddable":true,"href":"https:\/\/fsplus.nimm3.eu\/en\/wp-json\/wp\/v2\/pages\/10049"}],"wp:featuredmedia":[{"embeddable":true,"href":"https:\/\/fsplus.nimm3.eu\/en\/wp-json\/wp\/v2\/media\/679"}],"wp:attachment":[{"href":"https:\/\/fsplus.nimm3.eu\/en\/wp-json\/wp\/v2\/media?parent=5992"}],"curies":[{"name":"wp","href":"https:\/\/api.w.org\/{rel}","templated":true}]}}